{"id":782,"date":"2021-05-25T18:46:56","date_gmt":"2021-05-25T16:46:56","guid":{"rendered":"http:\/\/dentoconseil.com\/?page_id=782"},"modified":"2024-11-14T11:36:32","modified_gmt":"2024-11-14T10:36:32","slug":"qui-sommes-nous","status":"publish","type":"page","link":"https:\/\/dentoconseil.com\/index.php\/qui-sommes-nous\/","title":{"rendered":"Qui sommes nous ?"},"content":{"rendered":"\t\t<div data-elementor-type=\"wp-page\" data-elementor-id=\"782\" class=\"elementor elementor-782\" data-elementor-post-type=\"page\">\n\t\t\t\t\t\t<section class=\"elementor-section elementor-top-section elementor-element elementor-element-e9945c5 elementor-section-boxed elementor-section-height-default elementor-section-height-default\" data-id=\"e9945c5\" data-element_type=\"section\">\n\t\t\t\t\t\t<div class=\"elementor-container elementor-column-gap-default\">\n\t\t\t\t\t<div class=\"elementor-column elementor-col-100 elementor-top-column elementor-element elementor-element-8c116a8\" data-id=\"8c116a8\" data-element_type=\"column\">\n\t\t\t<div class=\"elementor-widget-wrap elementor-element-populated\">\n\t\t\t\t\t\t<div class=\"elementor-element elementor-element-f1d1faf elementor-widget elementor-widget-spacer\" data-id=\"f1d1faf\" data-element_type=\"widget\" data-widget_type=\"spacer.default\">\n\t\t\t\t<div class=\"elementor-widget-container\">\n\t\t\t\t\t\t\t<div class=\"elementor-spacer\">\n\t\t\t<div class=\"elementor-spacer-inner\"><\/div>\n\t\t<\/div>\n\t\t\t\t\t\t<\/div>\n\t\t\t\t<\/div>\n\t\t\t\t<div class=\"elementor-element elementor-element-0b649a4 elementor-widget elementor-widget-heading\" data-id=\"0b649a4\" data-element_type=\"widget\" data-widget_type=\"heading.default\">\n\t\t\t\t<div class=\"elementor-widget-container\">\n\t\t\t\t\t<h2 class=\"elementor-heading-title elementor-size-default\">Vous souhaitez en savoir plus sur nous ?<\/h2>\t\t\t\t<\/div>\n\t\t\t\t<\/div>\n\t\t\t\t\t<\/div>\n\t\t<\/div>\n\t\t\t\t\t<\/div>\n\t\t<\/section>\n\t\t\t\t<section class=\"elementor-section elementor-top-section elementor-element elementor-element-3b2e003 elementor-section-boxed elementor-section-height-default elementor-section-height-default\" data-id=\"3b2e003\" data-element_type=\"section\">\n\t\t\t\t\t\t<div class=\"elementor-container elementor-column-gap-default\">\n\t\t\t\t\t<div class=\"elementor-column elementor-col-100 elementor-top-column elementor-element elementor-element-953911d\" data-id=\"953911d\" data-element_type=\"column\">\n\t\t\t<div class=\"elementor-widget-wrap elementor-element-populated\">\n\t\t\t\t\t\t<div class=\"elementor-element elementor-element-1323dd4 elementor-widget elementor-widget-spacer\" data-id=\"1323dd4\" data-element_type=\"widget\" data-widget_type=\"spacer.default\">\n\t\t\t\t<div class=\"elementor-widget-container\">\n\t\t\t\t\t\t\t<div class=\"elementor-spacer\">\n\t\t\t<div class=\"elementor-spacer-inner\"><\/div>\n\t\t<\/div>\n\t\t\t\t\t\t<\/div>\n\t\t\t\t<\/div>\n\t\t\t\t<div class=\"elementor-element elementor-element-099e967 elementor-widget elementor-widget-text-editor\" data-id=\"099e967\" data-element_type=\"widget\" data-widget_type=\"text-editor.default\">\n\t\t\t\t<div class=\"elementor-widget-container\">\n\t\t\t\t\t\t\t\t\t<p><span style=\"font-weight: 400;\">DentOconseil est un organisme de formation d\u00e9di\u00e9, en priorit\u00e9 aux m\u00e9tiers de la proth\u00e8se dentaire et aux formations transversales.<\/span><\/p><p><span style=\"font-weight: 400;\"><span data-sheets-value=\"{&quot;1&quot;:2,&quot;2&quot;:&quot;Attach\u00e9s au m\u00e9tier de la proth\u00e8se dentaires, nous avons \u00e9t\u00e9 amen\u00e9 \u00e0 construire des programmes sp\u00e9cifiques de formation afin de r\u00e9pondre aux besoins et demandes des professionnels et d'un public souhaitant s'orienter vers ce m\u00e9tier.&quot;}\" data-sheets-userformat=\"{&quot;2&quot;:10561,&quot;3&quot;:{&quot;1&quot;:0,&quot;3&quot;:1},&quot;9&quot;:0,&quot;11&quot;:4,&quot;14&quot;:{&quot;1&quot;:3,&quot;3&quot;:1},&quot;16&quot;:11}\">Attach\u00e9s au m\u00e9tier de la proth\u00e8se dentaires, nous avons \u00e9t\u00e9 amen\u00e9s \u00e0 construire des programmes sp\u00e9cifiques de formation afin de r\u00e9pondre aux besoins et demandes des professionnels et d&rsquo;un public souhaitant s&rsquo;orienter vers ce m\u00e9tier.<\/span><\/span><\/p><p><span style=\"font-weight: 400;\"><span data-sheets-value=\"{&quot;1&quot;:2,&quot;2&quot;:&quot;Nous organisons pour vous et vos salari\u00e9s des formations cibl\u00e9es, qui s\u2019adressent soit aux d\u00e9butants soucieux d\u2019acqu\u00e9rir des solides bases techniques (formation de pl\u00e2trier polisseur) soit aux acteurs de la profession ayant besoin de se former aux nouvelles technologies (formation en proth\u00e8se dentaire num\u00e9rique et impression 3D...).&quot;}\" data-sheets-userformat=\"{&quot;2&quot;:14593,&quot;3&quot;:{&quot;1&quot;:0,&quot;3&quot;:1},&quot;11&quot;:4,&quot;14&quot;:[null,2,1118481],&quot;15&quot;:&quot;Arial&quot;,&quot;16&quot;:11}\">Nous organisons pour vous et vos salari\u00e9s des formations cibl\u00e9es, qui s\u2019adressent soit aux d\u00e9butants soucieux d\u2019acqu\u00e9rir des solides bases techniques (formation de pl\u00e2trier polisseur) soit aux acteurs de la profession ayant besoin de se former aux nouvelles technologies (formation en proth\u00e8se dentaire num\u00e9rique et impression 3D&#8230;).<\/span><\/span><\/p><p><span style=\"font-weight: 400;\">Nos formations vous permettront de vous perfectionner ou de vous familiariser avec les fondamentaux de ce m\u00e9tier. <span data-sheets-value=\"{&quot;1&quot;:2,&quot;2&quot;:&quot;L'objectif \u00e9tant d'associer le savoir-faire traditionnel et manuel aux nouvelles technologies num\u00e9riques.&quot;}\" data-sheets-userformat=\"{&quot;2&quot;:10561,&quot;3&quot;:{&quot;1&quot;:0,&quot;3&quot;:1},&quot;9&quot;:0,&quot;11&quot;:4,&quot;14&quot;:{&quot;1&quot;:3,&quot;3&quot;:1},&quot;16&quot;:11}\">L&rsquo;objectif \u00e9tant d&rsquo;associer le savoir-faire traditionnel et manuel aux nouvelles technologies num\u00e9riques.<\/span><br \/><\/span><\/p><p><span style=\"font-weight: 400;\"><span data-sheets-value=\"{&quot;1&quot;:2,&quot;2&quot;:&quot;Dentoconseil travaille en partenariat avec les Opco, ce qui vous donne la possibilit\u00e9 d\u2019avoir une prise en charge\u00a0 des frais li\u00e9s \u00e0 nos formations.\u00a0&quot;}\" data-sheets-userformat=\"{&quot;2&quot;:14785,&quot;3&quot;:{&quot;1&quot;:0,&quot;3&quot;:1},&quot;9&quot;:0,&quot;10&quot;:1,&quot;11&quot;:4,&quot;14&quot;:[null,2,1118481],&quot;15&quot;:&quot;Arial&quot;,&quot;16&quot;:12}\">Dentoconseil travaille en partenariat avec les Opco, ce qui vous donne la possibilit\u00e9 d\u2019avoir une prise en charge\u00a0 des frais li\u00e9s \u00e0 nos formations.\u00a0<\/span><\/span><\/p><p>Gr\u00e2ce \u00e0 notre s\u00e9lection de formateurs, nous serons en mesure de vous proposer des formations compl\u00e8tes dans les principaux domaines : proth\u00e8se dentaire, optique, esth\u00e9tique, nutrition, retouches, pr\u00eat \u00e0 porter, hygi\u00e8ne et propret\u00e9.<\/p><p>Soucieux des nouvelles avanc\u00e9es li\u00e9es \u00e0 l&rsquo;\u00e9volution des march\u00e9s, nous avons \u00e9galement mis en place des formations autour de l&rsquo;intelligence artificielle.<\/p><p>Notre catalogue se compl\u00e8te de formations en bureautique.<\/p><p><span data-sheets-value=\"{&quot;1&quot;:2,&quot;2&quot;:&quot;Nos formations sont pr\u00e9vues en pr\u00e9sentiel et\/ou visio, en fonction des besoins sp\u00e9cifiques de chacun.&quot;}\" data-sheets-userformat=\"{&quot;2&quot;:14593,&quot;3&quot;:{&quot;1&quot;:0,&quot;3&quot;:1},&quot;11&quot;:4,&quot;14&quot;:[null,2,1118481],&quot;15&quot;:&quot;Arial&quot;,&quot;16&quot;:12}\">Nos formations sont pr\u00e9vues en pr\u00e9sentiel et\/ou visio, en fonction des besoins sp\u00e9cifiques de chacun.<\/span><\/p><p><span data-sheets-value=\"{&quot;1&quot;:2,&quot;2&quot;:&quot;A l\u2019issue de chaque cycle d\u2019apprentissage, nos formateurs auront la capacit\u00e9 d\u2019\u00e9valuer vos acquis gr\u00e2ce \u00e0 des outils d\u00e9di\u00e9s, vous obtiendrez ainsi une attestation de formation.&quot;}\" data-sheets-userformat=\"{&quot;2&quot;:14785,&quot;3&quot;:{&quot;1&quot;:0,&quot;3&quot;:1},&quot;9&quot;:0,&quot;10&quot;:1,&quot;11&quot;:4,&quot;14&quot;:[null,2,1118481],&quot;15&quot;:&quot;Arial&quot;,&quot;16&quot;:12}\">A l\u2019issue de chaque cycle d\u2019apprentissage, nos formateurs auront la capacit\u00e9 d\u2019\u00e9valuer vos acquis gr\u00e2ce \u00e0 des outils d\u00e9di\u00e9s, vous obtiendrez ainsi une attestation de formation.<\/span><\/p><p><span data-sheets-value=\"{&quot;1&quot;:2,&quot;2&quot;:&quot;Notre d\u00e9partement DentoConseil, vous accompagne sur toutes les missions et besoins n\u00e9cessaires pour le d\u00e9veloppement de votre activit\u00e9.&quot;}\" data-sheets-userformat=\"{&quot;2&quot;:10561,&quot;3&quot;:{&quot;1&quot;:0,&quot;3&quot;:1},&quot;9&quot;:0,&quot;11&quot;:4,&quot;14&quot;:{&quot;1&quot;:3,&quot;3&quot;:1},&quot;16&quot;:11}\">Notre d\u00e9partement DentoConseil, vous accompagne sur toutes les missions et besoins n\u00e9cessaires pour le d\u00e9veloppement de votre activit\u00e9.<\/span><\/p><p><span style=\"font-weight: 400;\">N\u2019h\u00e9sitez pas \u00e0 prendre contact avec nous, nous sommes \u00e0 votre \u00e9coute !<\/span><\/p>\t\t\t\t\t\t\t\t<\/div>\n\t\t\t\t<\/div>\n\t\t\t\t\t<\/div>\n\t\t<\/div>\n\t\t\t\t\t<\/div>\n\t\t<\/section>\n\t\t\t\t<section class=\"elementor-section elementor-top-section elementor-element elementor-element-d514088 elementor-section-boxed elementor-section-height-default elementor-section-height-default\" data-id=\"d514088\" data-element_type=\"section\">\n\t\t\t\t\t\t<div class=\"elementor-container elementor-column-gap-default\">\n\t\t\t\t\t<div class=\"elementor-column elementor-col-100 elementor-top-column elementor-element elementor-element-41f9fd3\" data-id=\"41f9fd3\" data-element_type=\"column\">\n\t\t\t<div class=\"elementor-widget-wrap elementor-element-populated\">\n\t\t\t\t\t\t<div class=\"elementor-element elementor-element-70a5c10 elementor-hidden-phone elementor-widget elementor-widget-spacer\" data-id=\"70a5c10\" data-element_type=\"widget\" data-widget_type=\"spacer.default\">\n\t\t\t\t<div class=\"elementor-widget-container\">\n\t\t\t\t\t\t\t<div class=\"elementor-spacer\">\n\t\t\t<div class=\"elementor-spacer-inner\"><\/div>\n\t\t<\/div>\n\t\t\t\t\t\t<\/div>\n\t\t\t\t<\/div>\n\t\t\t\t<div class=\"elementor-element elementor-element-7d971b1 elementor-widget elementor-widget-heading\" data-id=\"7d971b1\" data-element_type=\"widget\" data-widget_type=\"heading.default\">\n\t\t\t\t<div class=\"elementor-widget-container\">\n\t\t\t\t\t<h2 class=\"elementor-heading-title elementor-size-default\">Des questions ? Des remarques ?<\/h2>\t\t\t\t<\/div>\n\t\t\t\t<\/div>\n\t\t\t\t<div class=\"elementor-element elementor-element-a017454 elementor-widget elementor-widget-text-editor\" data-id=\"a017454\" data-element_type=\"widget\" data-widget_type=\"text-editor.default\">\n\t\t\t\t<div class=\"elementor-widget-container\">\n\t\t\t\t\t\t\t\t\t<p>Vous avez des questions ou des suggestions concernant notre activit\u00e9, notre structure ou nos formations ?<br \/>Contactez-nous!<\/p>\t\t\t\t\t\t\t\t<\/div>\n\t\t\t\t<\/div>\n\t\t\t\t<section class=\"elementor-section elementor-inner-section elementor-element elementor-element-0bdaf2c elementor-section-boxed elementor-section-height-default elementor-section-height-default\" data-id=\"0bdaf2c\" data-element_type=\"section\" data-settings=\"{&quot;background_background&quot;:&quot;classic&quot;}\">\n\t\t\t\t\t\t<div class=\"elementor-container elementor-column-gap-default\">\n\t\t\t\t\t<div class=\"elementor-column elementor-col-50 elementor-inner-column elementor-element elementor-element-a5e6ab5\" data-id=\"a5e6ab5\" data-element_type=\"column\">\n\t\t\t<div class=\"elementor-widget-wrap elementor-element-populated\">\n\t\t\t\t\t\t<div class=\"elementor-element elementor-element-24b4e24 elementor-button-align-stretch elementor-widget elementor-widget-form\" data-id=\"24b4e24\" data-element_type=\"widget\" data-settings=\"{&quot;step_next_label&quot;:&quot;Suivant&quot;,&quot;step_previous_label&quot;:&quot;Pr\\u00e9c\\u00e9dent&quot;,&quot;button_width&quot;:&quot;100&quot;,&quot;step_type&quot;:&quot;number_text&quot;,&quot;step_icon_shape&quot;:&quot;circle&quot;}\" data-widget_type=\"form.default\">\n\t\t\t\t<div class=\"elementor-widget-container\">\n\t\t\t\t\t\t\t<form class=\"elementor-form\" method=\"post\" name=\"Nouveau formulaire\" aria-label=\"Nouveau formulaire\">\n\t\t\t<input type=\"hidden\" name=\"post_id\" value=\"782\"\/>\n\t\t\t<input type=\"hidden\" name=\"form_id\" value=\"24b4e24\"\/>\n\t\t\t<input type=\"hidden\" name=\"referer_title\" value=\"Dento Conseil\" \/>\n\n\t\t\t\n\t\t\t<div class=\"elementor-form-fields-wrapper elementor-labels-above\">\n\t\t\t\t\t\t\t\t<div class=\"elementor-field-type-text elementor-field-group elementor-column elementor-field-group-name elementor-col-100\">\n\t\t\t\t\t\t\t\t\t\t\t\t<label for=\"form-field-name\" class=\"elementor-field-label\">\n\t\t\t\t\t\t\t\tNom\t\t\t\t\t\t\t<\/label>\n\t\t\t\t\t\t\t\t\t\t\t\t\t\t<input size=\"1\" type=\"text\" name=\"form_fields[name]\" id=\"form-field-name\" class=\"elementor-field elementor-size-sm  elementor-field-textual\" placeholder=\"Nom\">\n\t\t\t\t\t\t\t\t\t\t\t<\/div>\n\t\t\t\t\t\t\t\t<div class=\"elementor-field-type-email elementor-field-group elementor-column elementor-field-group-email elementor-col-100 elementor-field-required\">\n\t\t\t\t\t\t\t\t\t\t\t\t<label for=\"form-field-email\" class=\"elementor-field-label\">\n\t\t\t\t\t\t\t\tE-mail\t\t\t\t\t\t\t<\/label>\n\t\t\t\t\t\t\t\t\t\t\t\t\t\t<input size=\"1\" type=\"email\" name=\"form_fields[email]\" id=\"form-field-email\" class=\"elementor-field elementor-size-sm  elementor-field-textual\" placeholder=\"E-mail\" required=\"required\">\n\t\t\t\t\t\t\t\t\t\t\t<\/div>\n\t\t\t\t\t\t\t\t<div class=\"elementor-field-type-textarea elementor-field-group elementor-column elementor-field-group-message elementor-col-100\">\n\t\t\t\t\t\t\t\t\t\t\t\t<label for=\"form-field-message\" class=\"elementor-field-label\">\n\t\t\t\t\t\t\t\tMessage\t\t\t\t\t\t\t<\/label>\n\t\t\t\t\t\t<textarea class=\"elementor-field-textual elementor-field  elementor-size-sm\" name=\"form_fields[message]\" id=\"form-field-message\" rows=\"4\" placeholder=\"Message\"><\/textarea>\t\t\t\t<\/div>\n\t\t\t\t\t\t\t\t<div class=\"elementor-field-group elementor-column elementor-field-type-submit elementor-col-100 e-form__buttons\">\n\t\t\t\t\t<button class=\"elementor-button elementor-size-sm\" type=\"submit\">\n\t\t\t\t\t\t<span class=\"elementor-button-content-wrapper\">\n\t\t\t\t\t\t\t\t\t\t\t\t\t\t\t\t\t\t\t\t\t\t<span class=\"elementor-button-text\">Envoyer<\/span>\n\t\t\t\t\t\t\t\t\t\t\t\t\t<\/span>\n\t\t\t\t\t<\/button>\n\t\t\t\t<\/div>\n\t\t\t<\/div>\n\t\t<\/form>\n\t\t\t\t\t\t<\/div>\n\t\t\t\t<\/div>\n\t\t\t\t\t<\/div>\n\t\t<\/div>\n\t\t\t\t<div class=\"elementor-column elementor-col-50 elementor-inner-column elementor-element elementor-element-40903b3\" data-id=\"40903b3\" data-element_type=\"column\">\n\t\t\t<div class=\"elementor-widget-wrap elementor-element-populated\">\n\t\t\t\t\t\t<div class=\"elementor-element elementor-element-3f424e0 elementor-widget elementor-widget-html\" data-id=\"3f424e0\" data-element_type=\"widget\" data-widget_type=\"html.default\">\n\t\t\t\t<div class=\"elementor-widget-container\">\n\t\t\t\t\t<!-- D\u00e9but de widget en ligne Calendly -->\n<div class=\"calendly-inline-widget\" data-url=\"https:\/\/calendly.com\/dentoconseil?text_color=373636&primary_color=fad743\" style=\"min-width:320px;height:630px;\"><\/div>\n<script type=\"text\/javascript\" src=\"https:\/\/assets.calendly.com\/assets\/external\/widget.js\" async><\/script>\n<!-- Fin de widget en ligne Calendly -->\t\t\t\t<\/div>\n\t\t\t\t<\/div>\n\t\t\t\t\t<\/div>\n\t\t<\/div>\n\t\t\t\t\t<\/div>\n\t\t<\/section>\n\t\t\t\t<div class=\"elementor-element elementor-element-e55ad96 elementor-widget elementor-widget-spacer\" data-id=\"e55ad96\" data-element_type=\"widget\" data-widget_type=\"spacer.default\">\n\t\t\t\t<div class=\"elementor-widget-container\">\n\t\t\t\t\t\t\t<div class=\"elementor-spacer\">\n\t\t\t<div class=\"elementor-spacer-inner\"><\/div>\n\t\t<\/div>\n\t\t\t\t\t\t<\/div>\n\t\t\t\t<\/div>\n\t\t\t\t\t<\/div>\n\t\t<\/div>\n\t\t\t\t\t<\/div>\n\t\t<\/section>\n\t\t\t\t<\/div>\n\t\t","protected":false},"excerpt":{"rendered":"<p>Vous souhaitez en savoir plus sur nous ? DentOconseil est un organisme de formation d\u00e9di\u00e9, en priorit\u00e9 aux m\u00e9tiers de la proth\u00e8se dentaire et aux formations transversales. Attach\u00e9s au m\u00e9tier de la proth\u00e8se dentaires, nous avons \u00e9t\u00e9 amen\u00e9s \u00e0 construire des programmes sp\u00e9cifiques de formation afin de r\u00e9pondre aux besoins et demandes des professionnels et [&hellip;]<\/p>\n","protected":false},"author":1,"featured_media":0,"parent":0,"menu_order":0,"comment_status":"closed","ping_status":"closed","template":"elementor_header_footer","meta":{"footnotes":""},"class_list":["post-782","page","type-page","status-publish","hentry"],"yoast_head":"<!-- This site is optimized with the Yoast SEO plugin v26.6 - https:\/\/yoast.com\/wordpress\/plugins\/seo\/ -->\n<title>Qui sommes nous ? - Dento Conseil - Organisme de formation<\/title>\n<meta name=\"description\" content=\"DentOconseil est un organisme de formation d\u00e9di\u00e9, en priorit\u00e9 aux m\u00e9tiers de la proth\u00e8se dentaire et aux formations transversales.\" \/>\n<meta name=\"robots\" content=\"index, follow, max-snippet:-1, max-image-preview:large, max-video-preview:-1\" \/>\n<link rel=\"canonical\" href=\"https:\/\/dentoconseil.com\/index.php\/qui-sommes-nous\/\" \/>\n<meta property=\"og:locale\" content=\"fr_FR\" \/>\n<meta property=\"og:type\" content=\"article\" \/>\n<meta property=\"og:title\" content=\"Qui sommes nous ? - Dento Conseil - Organisme de formation\" \/>\n<meta property=\"og:description\" content=\"DentOconseil est un organisme de formation d\u00e9di\u00e9, en priorit\u00e9 aux m\u00e9tiers de la proth\u00e8se dentaire et aux formations transversales.\" \/>\n<meta property=\"og:url\" content=\"https:\/\/dentoconseil.com\/index.php\/qui-sommes-nous\/\" \/>\n<meta property=\"og:site_name\" content=\"Dento Conseil\" \/>\n<meta property=\"article:modified_time\" content=\"2024-11-14T10:36:32+00:00\" \/>\n<meta name=\"twitter:card\" content=\"summary_large_image\" \/>\n<meta name=\"twitter:label1\" content=\"Dur\u00e9e de lecture estim\u00e9e\" \/>\n\t<meta name=\"twitter:data1\" content=\"2 minutes\" \/>\n<script type=\"application\/ld+json\" class=\"yoast-schema-graph\">{\"@context\":\"https:\/\/schema.org\",\"@graph\":[{\"@type\":\"WebPage\",\"@id\":\"https:\/\/dentoconseil.com\/index.php\/qui-sommes-nous\/\",\"url\":\"https:\/\/dentoconseil.com\/index.php\/qui-sommes-nous\/\",\"name\":\"Qui sommes nous ? - Dento Conseil - Organisme de formation\",\"isPartOf\":{\"@id\":\"https:\/\/dentoconseil.com\/#website\"},\"datePublished\":\"2021-05-25T16:46:56+00:00\",\"dateModified\":\"2024-11-14T10:36:32+00:00\",\"description\":\"DentOconseil est un organisme de formation d\u00e9di\u00e9, en priorit\u00e9 aux m\u00e9tiers de la proth\u00e8se dentaire et aux formations transversales.\",\"breadcrumb\":{\"@id\":\"https:\/\/dentoconseil.com\/index.php\/qui-sommes-nous\/#breadcrumb\"},\"inLanguage\":\"fr-FR\",\"potentialAction\":[{\"@type\":\"ReadAction\",\"target\":[\"https:\/\/dentoconseil.com\/index.php\/qui-sommes-nous\/\"]}]},{\"@type\":\"BreadcrumbList\",\"@id\":\"https:\/\/dentoconseil.com\/index.php\/qui-sommes-nous\/#breadcrumb\",\"itemListElement\":[{\"@type\":\"ListItem\",\"position\":1,\"name\":\"Accueil\",\"item\":\"https:\/\/dentoconseil.com\/\"},{\"@type\":\"ListItem\",\"position\":2,\"name\":\"Qui sommes nous ?\"}]},{\"@type\":\"WebSite\",\"@id\":\"https:\/\/dentoconseil.com\/#website\",\"url\":\"https:\/\/dentoconseil.com\/\",\"name\":\"Dento Conseil\",\"description\":\"Organisme de formation m\u00e9tiers de la proth\u00e8se dentaire\",\"publisher\":{\"@id\":\"https:\/\/dentoconseil.com\/#organization\"},\"potentialAction\":[{\"@type\":\"SearchAction\",\"target\":{\"@type\":\"EntryPoint\",\"urlTemplate\":\"https:\/\/dentoconseil.com\/?s={search_term_string}\"},\"query-input\":{\"@type\":\"PropertyValueSpecification\",\"valueRequired\":true,\"valueName\":\"search_term_string\"}}],\"inLanguage\":\"fr-FR\"},{\"@type\":\"Organization\",\"@id\":\"https:\/\/dentoconseil.com\/#organization\",\"name\":\"Dento Conseil\",\"url\":\"https:\/\/dentoconseil.com\/\",\"logo\":{\"@type\":\"ImageObject\",\"inLanguage\":\"fr-FR\",\"@id\":\"https:\/\/dentoconseil.com\/#\/schema\/logo\/image\/\",\"url\":\"https:\/\/dentoconseil.com\/wp-content\/uploads\/2020\/06\/3.png\",\"contentUrl\":\"https:\/\/dentoconseil.com\/wp-content\/uploads\/2020\/06\/3.png\",\"width\":800,\"height\":600,\"caption\":\"Dento Conseil\"},\"image\":{\"@id\":\"https:\/\/dentoconseil.com\/#\/schema\/logo\/image\/\"}}]}<\/script>\n<!-- \/ Yoast SEO plugin. -->","yoast_head_json":{"title":"Qui sommes nous ? - Dento Conseil - Organisme de formation","description":"DentOconseil est un organisme de formation d\u00e9di\u00e9, en priorit\u00e9 aux m\u00e9tiers de la proth\u00e8se dentaire et aux formations transversales.","robots":{"index":"index","follow":"follow","max-snippet":"max-snippet:-1","max-image-preview":"max-image-preview:large","max-video-preview":"max-video-preview:-1"},"canonical":"https:\/\/dentoconseil.com\/index.php\/qui-sommes-nous\/","og_locale":"fr_FR","og_type":"article","og_title":"Qui sommes nous ? - Dento Conseil - Organisme de formation","og_description":"DentOconseil est un organisme de formation d\u00e9di\u00e9, en priorit\u00e9 aux m\u00e9tiers de la proth\u00e8se dentaire et aux formations transversales.","og_url":"https:\/\/dentoconseil.com\/index.php\/qui-sommes-nous\/","og_site_name":"Dento Conseil","article_modified_time":"2024-11-14T10:36:32+00:00","twitter_card":"summary_large_image","twitter_misc":{"Dur\u00e9e de lecture estim\u00e9e":"2 minutes"},"schema":{"@context":"https:\/\/schema.org","@graph":[{"@type":"WebPage","@id":"https:\/\/dentoconseil.com\/index.php\/qui-sommes-nous\/","url":"https:\/\/dentoconseil.com\/index.php\/qui-sommes-nous\/","name":"Qui sommes nous ? - Dento Conseil - Organisme de formation","isPartOf":{"@id":"https:\/\/dentoconseil.com\/#website"},"datePublished":"2021-05-25T16:46:56+00:00","dateModified":"2024-11-14T10:36:32+00:00","description":"DentOconseil est un organisme de formation d\u00e9di\u00e9, en priorit\u00e9 aux m\u00e9tiers de la proth\u00e8se dentaire et aux formations transversales.","breadcrumb":{"@id":"https:\/\/dentoconseil.com\/index.php\/qui-sommes-nous\/#breadcrumb"},"inLanguage":"fr-FR","potentialAction":[{"@type":"ReadAction","target":["https:\/\/dentoconseil.com\/index.php\/qui-sommes-nous\/"]}]},{"@type":"BreadcrumbList","@id":"https:\/\/dentoconseil.com\/index.php\/qui-sommes-nous\/#breadcrumb","itemListElement":[{"@type":"ListItem","position":1,"name":"Accueil","item":"https:\/\/dentoconseil.com\/"},{"@type":"ListItem","position":2,"name":"Qui sommes nous ?"}]},{"@type":"WebSite","@id":"https:\/\/dentoconseil.com\/#website","url":"https:\/\/dentoconseil.com\/","name":"Dento Conseil","description":"Organisme de formation m\u00e9tiers de la proth\u00e8se dentaire","publisher":{"@id":"https:\/\/dentoconseil.com\/#organization"},"potentialAction":[{"@type":"SearchAction","target":{"@type":"EntryPoint","urlTemplate":"https:\/\/dentoconseil.com\/?s={search_term_string}"},"query-input":{"@type":"PropertyValueSpecification","valueRequired":true,"valueName":"search_term_string"}}],"inLanguage":"fr-FR"},{"@type":"Organization","@id":"https:\/\/dentoconseil.com\/#organization","name":"Dento Conseil","url":"https:\/\/dentoconseil.com\/","logo":{"@type":"ImageObject","inLanguage":"fr-FR","@id":"https:\/\/dentoconseil.com\/#\/schema\/logo\/image\/","url":"https:\/\/dentoconseil.com\/wp-content\/uploads\/2020\/06\/3.png","contentUrl":"https:\/\/dentoconseil.com\/wp-content\/uploads\/2020\/06\/3.png","width":800,"height":600,"caption":"Dento Conseil"},"image":{"@id":"https:\/\/dentoconseil.com\/#\/schema\/logo\/image\/"}}]}},"_links":{"self":[{"href":"https:\/\/dentoconseil.com\/index.php\/wp-json\/wp\/v2\/pages\/782","targetHints":{"allow":["GET"]}}],"collection":[{"href":"https:\/\/dentoconseil.com\/index.php\/wp-json\/wp\/v2\/pages"}],"about":[{"href":"https:\/\/dentoconseil.com\/index.php\/wp-json\/wp\/v2\/types\/page"}],"author":[{"embeddable":true,"href":"https:\/\/dentoconseil.com\/index.php\/wp-json\/wp\/v2\/users\/1"}],"replies":[{"embeddable":true,"href":"https:\/\/dentoconseil.com\/index.php\/wp-json\/wp\/v2\/comments?post=782"}],"version-history":[{"count":66,"href":"https:\/\/dentoconseil.com\/index.php\/wp-json\/wp\/v2\/pages\/782\/revisions"}],"predecessor-version":[{"id":2488,"href":"https:\/\/dentoconseil.com\/index.php\/wp-json\/wp\/v2\/pages\/782\/revisions\/2488"}],"wp:attachment":[{"href":"https:\/\/dentoconseil.com\/index.php\/wp-json\/wp\/v2\/media?parent=782"}],"curies":[{"name":"wp","href":"https:\/\/api.w.org\/{rel}","templated":true}]}}