{"id":456,"date":"2015-07-29T13:44:44","date_gmt":"2015-07-29T11:44:44","guid":{"rendered":"https:\/\/zakra-agency.sites.qsandbox.com\/?page_id=4"},"modified":"2023-11-09T16:22:24","modified_gmt":"2023-11-09T15:22:24","slug":"accueil-formation-et-conseil","status":"publish","type":"page","link":"https:\/\/dentoconseil.com\/","title":{"rendered":"Accueil"},"content":{"rendered":"\t\t<div data-elementor-type=\"wp-page\" data-elementor-id=\"456\" class=\"elementor elementor-456\" data-elementor-post-type=\"page\">\n\t\t\t\t\t\t<section class=\"elementor-section elementor-top-section elementor-element elementor-element-db85304 elementor-section-full_width elementor-section-height-min-height elementor-section-height-default elementor-section-items-middle\" data-id=\"db85304\" data-element_type=\"section\" data-settings=\"{&quot;background_background&quot;:&quot;classic&quot;}\">\n\t\t\t\t\t\t\t<div class=\"elementor-background-overlay\"><\/div>\n\t\t\t\t\t\t\t<div class=\"elementor-container elementor-column-gap-no\">\n\t\t\t\t\t<div class=\"elementor-column elementor-col-50 elementor-top-column elementor-element elementor-element-b60806c\" data-id=\"b60806c\" data-element_type=\"column\">\n\t\t\t<div class=\"elementor-widget-wrap elementor-element-populated\">\n\t\t\t\t\t\t<div class=\"elementor-element elementor-element-578f37f elementor-widget elementor-widget-heading\" data-id=\"578f37f\" data-element_type=\"widget\" data-widget_type=\"heading.default\">\n\t\t\t\t<div class=\"elementor-widget-container\">\n\t\t\t\t\t<h1 class=\"elementor-heading-title elementor-size-default\">Formation\n<\/h1>\t\t\t\t<\/div>\n\t\t\t\t<\/div>\n\t\t\t\t<div class=\"elementor-element elementor-element-846ff05 elementor-widget elementor-widget-heading\" data-id=\"846ff05\" data-element_type=\"widget\" data-widget_type=\"heading.default\">\n\t\t\t\t<div class=\"elementor-widget-container\">\n\t\t\t\t\t<h1 class=\"elementor-heading-title elementor-size-default\">Conseil &amp; Coaching <\/h1>\t\t\t\t<\/div>\n\t\t\t\t<\/div>\n\t\t\t\t<div class=\"elementor-element elementor-element-1c4f4ec elementor-widget elementor-widget-heading\" data-id=\"1c4f4ec\" data-element_type=\"widget\" data-widget_type=\"heading.default\">\n\t\t\t\t<div class=\"elementor-widget-container\">\n\t\t\t\t\t<h1 class=\"elementor-heading-title elementor-size-default\">Dans le domaine de la proth\u00e8se dentaire et des activit\u00e9s transverses<\/h1>\t\t\t\t<\/div>\n\t\t\t\t<\/div>\n\t\t\t\t<div class=\"elementor-element elementor-element-fddbf4f elementor-widget elementor-widget-text-editor\" data-id=\"fddbf4f\" data-element_type=\"widget\" data-widget_type=\"text-editor.default\">\n\t\t\t\t<div class=\"elementor-widget-container\">\n\t\t\t\t\t\t\t\t\t<p>Bienvenue sur le site de DentOconseil<\/p><div id=\"sconnect-is-installed\" style=\"display: none;\">\u00a0<\/div>\t\t\t\t\t\t\t\t<\/div>\n\t\t\t\t<\/div>\n\t\t\t\t<div class=\"elementor-element elementor-element-0b58697 elementor-tablet-align-center elementor-mobile-align-center elementor-widget elementor-widget-button\" data-id=\"0b58697\" data-element_type=\"widget\" data-widget_type=\"button.default\">\n\t\t\t\t<div class=\"elementor-widget-container\">\n\t\t\t\t\t\t\t\t\t<div class=\"elementor-button-wrapper\">\n\t\t\t\t\t<a class=\"elementor-button elementor-button-link elementor-size-sm elementor-animation-grow\" href=\"https:\/\/dentoconseil.com\/index.php\/qui-sommes-nous\/\">\n\t\t\t\t\t\t<span class=\"elementor-button-content-wrapper\">\n\t\t\t\t\t\t\t\t\t<span class=\"elementor-button-text\">D\u00e9couvrez-nous <\/span>\n\t\t\t\t\t<\/span>\n\t\t\t\t\t<\/a>\n\t\t\t\t<\/div>\n\t\t\t\t\t\t\t\t<\/div>\n\t\t\t\t<\/div>\n\t\t\t\t\t<\/div>\n\t\t<\/div>\n\t\t\t\t<div class=\"elementor-column elementor-col-50 elementor-top-column elementor-element elementor-element-0947a83\" data-id=\"0947a83\" data-element_type=\"column\">\n\t\t\t<div class=\"elementor-widget-wrap elementor-element-populated\">\n\t\t\t\t\t\t<div class=\"elementor-element elementor-element-ad2abc1 elementor-widget elementor-widget-image\" data-id=\"ad2abc1\" data-element_type=\"widget\" data-widget_type=\"image.default\">\n\t\t\t\t<div class=\"elementor-widget-container\">\n\t\t\t\t\t\t\t\t\t\t\t\t\t\t\t<img fetchpriority=\"high\" decoding=\"async\" width=\"800\" height=\"710\" src=\"https:\/\/dentoconseil.com\/wp-content\/uploads\/2023\/11\/Screenshot-2023-11-09-at-16.20.59-1024x909.png\" class=\"attachment-large size-large wp-image-2472\" alt=\"\" srcset=\"https:\/\/dentoconseil.com\/wp-content\/uploads\/2023\/11\/Screenshot-2023-11-09-at-16.20.59-1024x909.png 1024w, https:\/\/dentoconseil.com\/wp-content\/uploads\/2023\/11\/Screenshot-2023-11-09-at-16.20.59-300x266.png 300w, https:\/\/dentoconseil.com\/wp-content\/uploads\/2023\/11\/Screenshot-2023-11-09-at-16.20.59-768x682.png 768w, https:\/\/dentoconseil.com\/wp-content\/uploads\/2023\/11\/Screenshot-2023-11-09-at-16.20.59-1536x1364.png 1536w, https:\/\/dentoconseil.com\/wp-content\/uploads\/2023\/11\/Screenshot-2023-11-09-at-16.20.59.png 1552w\" sizes=\"(max-width: 800px) 100vw, 800px\" \/>\t\t\t\t\t\t\t\t\t\t\t\t\t\t\t<\/div>\n\t\t\t\t<\/div>\n\t\t\t\t\t<\/div>\n\t\t<\/div>\n\t\t\t\t\t<\/div>\n\t\t<\/section>\n\t\t\t\t<section class=\"elementor-section elementor-top-section elementor-element elementor-element-b6a6ba7 elementor-section-boxed elementor-section-height-default elementor-section-height-default\" data-id=\"b6a6ba7\" data-element_type=\"section\" data-settings=\"{&quot;background_background&quot;:&quot;classic&quot;}\">\n\t\t\t\t\t\t\t<div class=\"elementor-background-overlay\"><\/div>\n\t\t\t\t\t\t\t<div class=\"elementor-container elementor-column-gap-default\">\n\t\t\t\t\t<div class=\"elementor-column elementor-col-20 elementor-top-column elementor-element elementor-element-47a86a8\" data-id=\"47a86a8\" data-element_type=\"column\">\n\t\t\t<div class=\"elementor-widget-wrap elementor-element-populated\">\n\t\t\t\t\t\t<div class=\"elementor-element elementor-element-e5dc073 elementor-position-top elementor-widget elementor-widget-image-box\" data-id=\"e5dc073\" data-element_type=\"widget\" data-widget_type=\"image-box.default\">\n\t\t\t\t<div class=\"elementor-widget-container\">\n\t\t\t\t\t<div class=\"elementor-image-box-wrapper\"><figure class=\"elementor-image-box-img\"><a href=\"https:\/\/dentoconseil.com\/index.php\/formations\/\" tabindex=\"-1\"><img decoding=\"async\" width=\"64\" height=\"65\" src=\"https:\/\/dentoconseil.com\/wp-content\/uploads\/2020\/06\/icon-idea.png\" class=\"elementor-animation-bob attachment-full size-full wp-image-85\" alt=\"\" \/><\/a><\/figure><div class=\"elementor-image-box-content\"><h5 class=\"elementor-image-box-title\"><a href=\"https:\/\/dentoconseil.com\/index.php\/formations\/\">Formation <\/a><\/h5><\/div><\/div>\t\t\t\t<\/div>\n\t\t\t\t<\/div>\n\t\t\t\t\t<\/div>\n\t\t<\/div>\n\t\t\t\t<div class=\"elementor-column elementor-col-20 elementor-top-column elementor-element elementor-element-d0896c0\" data-id=\"d0896c0\" data-element_type=\"column\">\n\t\t\t<div class=\"elementor-widget-wrap elementor-element-populated\">\n\t\t\t\t\t\t<div class=\"elementor-element elementor-element-eb6c8b1 elementor-position-top elementor-widget elementor-widget-image-box\" data-id=\"eb6c8b1\" data-element_type=\"widget\" data-widget_type=\"image-box.default\">\n\t\t\t\t<div class=\"elementor-widget-container\">\n\t\t\t\t\t<div class=\"elementor-image-box-wrapper\"><figure class=\"elementor-image-box-img\"><a href=\"https:\/\/dentoconseil.com\/index.php\/conseil\/\" tabindex=\"-1\"><img decoding=\"async\" width=\"65\" height=\"64\" src=\"https:\/\/dentoconseil.com\/wp-content\/uploads\/2020\/06\/icon-research.png\" class=\"elementor-animation-bob attachment-full size-full wp-image-88\" alt=\"\" \/><\/a><\/figure><div class=\"elementor-image-box-content\"><h5 class=\"elementor-image-box-title\"><a href=\"https:\/\/dentoconseil.com\/index.php\/conseil\/\">Conseil<\/a><\/h5><\/div><\/div>\t\t\t\t<\/div>\n\t\t\t\t<\/div>\n\t\t\t\t\t<\/div>\n\t\t<\/div>\n\t\t\t\t<div class=\"elementor-column elementor-col-20 elementor-top-column elementor-element elementor-element-d263024\" data-id=\"d263024\" data-element_type=\"column\">\n\t\t\t<div class=\"elementor-widget-wrap elementor-element-populated\">\n\t\t\t\t\t\t<div class=\"elementor-element elementor-element-4281958 elementor-position-top elementor-widget elementor-widget-image-box\" data-id=\"4281958\" data-element_type=\"widget\" data-widget_type=\"image-box.default\">\n\t\t\t\t<div class=\"elementor-widget-container\">\n\t\t\t\t\t<div class=\"elementor-image-box-wrapper\"><figure class=\"elementor-image-box-img\"><a href=\"https:\/\/dentoconseil.com\/index.php\/financement\/\" tabindex=\"-1\"><img loading=\"lazy\" decoding=\"async\" width=\"64\" height=\"66\" src=\"https:\/\/dentoconseil.com\/wp-content\/uploads\/2020\/06\/icon-seo-friendly.png\" class=\"elementor-animation-bob attachment-full size-full wp-image-89\" alt=\"\" \/><\/a><\/figure><div class=\"elementor-image-box-content\"><h5 class=\"elementor-image-box-title\"><a href=\"https:\/\/dentoconseil.com\/index.php\/financement\/\">Financement <\/a><\/h5><\/div><\/div>\t\t\t\t<\/div>\n\t\t\t\t<\/div>\n\t\t\t\t\t<\/div>\n\t\t<\/div>\n\t\t\t\t<div class=\"elementor-column elementor-col-20 elementor-top-column elementor-element elementor-element-089b5dd\" data-id=\"089b5dd\" data-element_type=\"column\">\n\t\t\t<div class=\"elementor-widget-wrap elementor-element-populated\">\n\t\t\t\t\t\t<div class=\"elementor-element elementor-element-2103a2c elementor-position-top elementor-widget elementor-widget-image-box\" data-id=\"2103a2c\" data-element_type=\"widget\" data-widget_type=\"image-box.default\">\n\t\t\t\t<div class=\"elementor-widget-container\">\n\t\t\t\t\t<div class=\"elementor-image-box-wrapper\"><figure class=\"elementor-image-box-img\"><a href=\"https:\/\/dentoconseil.com\/index.php\/rh\/\" tabindex=\"-1\"><img loading=\"lazy\" decoding=\"async\" width=\"64\" height=\"64\" src=\"https:\/\/dentoconseil.com\/wp-content\/uploads\/2020\/06\/icon-experts.png\" class=\"elementor-animation-bob attachment-full size-full wp-image-153\" alt=\"\" \/><\/a><\/figure><div class=\"elementor-image-box-content\"><h5 class=\"elementor-image-box-title\"><a href=\"https:\/\/dentoconseil.com\/index.php\/rh\/\">RH<\/a><\/h5><\/div><\/div>\t\t\t\t<\/div>\n\t\t\t\t<\/div>\n\t\t\t\t\t<\/div>\n\t\t<\/div>\n\t\t\t\t<div class=\"elementor-column elementor-col-20 elementor-top-column elementor-element elementor-element-102463e\" data-id=\"102463e\" data-element_type=\"column\">\n\t\t\t<div class=\"elementor-widget-wrap elementor-element-populated\">\n\t\t\t\t\t\t<div class=\"elementor-element elementor-element-806f5de elementor-position-top elementor-widget elementor-widget-image-box\" data-id=\"806f5de\" data-element_type=\"widget\" data-widget_type=\"image-box.default\">\n\t\t\t\t<div class=\"elementor-widget-container\">\n\t\t\t\t\t<div class=\"elementor-image-box-wrapper\"><figure class=\"elementor-image-box-img\"><a href=\"https:\/\/dentoconseil.com\/index.php\/contact-2\/\" tabindex=\"-1\"><img loading=\"lazy\" decoding=\"async\" width=\"66\" height=\"64\" src=\"https:\/\/dentoconseil.com\/wp-content\/uploads\/2020\/06\/icon-support.png\" class=\"elementor-animation-bob attachment-full size-full wp-image-90\" alt=\"\" \/><\/a><\/figure><div class=\"elementor-image-box-content\"><h5 class=\"elementor-image-box-title\"><a href=\"https:\/\/dentoconseil.com\/index.php\/contact-2\/\">Contact<\/a><\/h5><\/div><\/div>\t\t\t\t<\/div>\n\t\t\t\t<\/div>\n\t\t\t\t\t<\/div>\n\t\t<\/div>\n\t\t\t\t\t<\/div>\n\t\t<\/section>\n\t\t\t\t<section class=\"elementor-section elementor-top-section elementor-element elementor-element-71f70e6 elementor-section-boxed elementor-section-height-default elementor-section-height-default\" data-id=\"71f70e6\" data-element_type=\"section\">\n\t\t\t\t\t\t<div class=\"elementor-container elementor-column-gap-default\">\n\t\t\t\t\t<div class=\"elementor-column elementor-col-50 elementor-top-column elementor-element elementor-element-4994c8c\" data-id=\"4994c8c\" data-element_type=\"column\">\n\t\t\t<div class=\"elementor-widget-wrap elementor-element-populated\">\n\t\t\t\t\t\t<div class=\"elementor-element elementor-element-2703c40 elementor-widget elementor-widget-image\" data-id=\"2703c40\" data-element_type=\"widget\" data-widget_type=\"image.default\">\n\t\t\t\t<div class=\"elementor-widget-container\">\n\t\t\t\t\t\t\t\t\t\t\t\t\t\t\t<img loading=\"lazy\" decoding=\"async\" width=\"500\" height=\"334\" src=\"https:\/\/dentoconseil.com\/wp-content\/uploads\/2020\/06\/zakra-invite-image.jpg\" class=\"attachment-large size-large wp-image-92\" alt=\"\" srcset=\"https:\/\/dentoconseil.com\/wp-content\/uploads\/2020\/06\/zakra-invite-image.jpg 500w, https:\/\/dentoconseil.com\/wp-content\/uploads\/2020\/06\/zakra-invite-image-300x200.jpg 300w\" sizes=\"(max-width: 500px) 100vw, 500px\" \/>\t\t\t\t\t\t\t\t\t\t\t\t\t\t\t<\/div>\n\t\t\t\t<\/div>\n\t\t\t\t\t<\/div>\n\t\t<\/div>\n\t\t\t\t<div class=\"elementor-column elementor-col-50 elementor-top-column elementor-element elementor-element-6fd55ca\" data-id=\"6fd55ca\" data-element_type=\"column\">\n\t\t\t<div class=\"elementor-widget-wrap elementor-element-populated\">\n\t\t\t\t\t\t<div class=\"elementor-element elementor-element-9409352 elementor-widget elementor-widget-heading\" data-id=\"9409352\" data-element_type=\"widget\" data-widget_type=\"heading.default\">\n\t\t\t\t<div class=\"elementor-widget-container\">\n\t\t\t\t\t<h3 class=\"elementor-heading-title elementor-size-default\">Un accompagnement personnalis\u00e9 <\/h3>\t\t\t\t<\/div>\n\t\t\t\t<\/div>\n\t\t\t\t<div class=\"elementor-element elementor-element-cf0dc41 elementor-widget elementor-widget-text-editor\" data-id=\"cf0dc41\" data-element_type=\"widget\" data-widget_type=\"text-editor.default\">\n\t\t\t\t<div class=\"elementor-widget-container\">\n\t\t\t\t\t\t\t\t\t<ul><li>D\u00e9terminer votre besoin de formation,<\/li><li>Construire votre projet de formation,<\/li><li>Se former \u00e0 distance ou en pr\u00e9sentiel,<\/li><li>Choisir la voix de l&rsquo;alternance,<\/li><\/ul>\t\t\t\t\t\t\t\t<\/div>\n\t\t\t\t<\/div>\n\t\t\t\t\t<\/div>\n\t\t<\/div>\n\t\t\t\t\t<\/div>\n\t\t<\/section>\n\t\t\t\t<section class=\"elementor-section elementor-top-section elementor-element elementor-element-9f81a2d elementor-section-boxed elementor-section-height-default elementor-section-height-default\" data-id=\"9f81a2d\" data-element_type=\"section\" data-settings=\"{&quot;background_background&quot;:&quot;gradient&quot;}\">\n\t\t\t\t\t\t<div class=\"elementor-container elementor-column-gap-no\">\n\t\t\t\t\t<div class=\"elementor-column elementor-col-50 elementor-top-column elementor-element elementor-element-310da02\" data-id=\"310da02\" data-element_type=\"column\">\n\t\t\t<div class=\"elementor-widget-wrap elementor-element-populated\">\n\t\t\t\t\t\t<div class=\"elementor-element elementor-element-b14bc5d elementor-widget elementor-widget-heading\" data-id=\"b14bc5d\" data-element_type=\"widget\" data-widget_type=\"heading.default\">\n\t\t\t\t<div class=\"elementor-widget-container\">\n\t\t\t\t\t<h3 class=\"elementor-heading-title elementor-size-default\">Vous avez une question ?<\/h3>\t\t\t\t<\/div>\n\t\t\t\t<\/div>\n\t\t\t\t<div class=\"elementor-element elementor-element-3ae1d49 elementor-widget elementor-widget-text-editor\" data-id=\"3ae1d49\" data-element_type=\"widget\" data-widget_type=\"text-editor.default\">\n\t\t\t\t<div class=\"elementor-widget-container\">\n\t\t\t\t\t\t\t\t\t<p>Vous pouvez nous envoyer un message ou prendre rendez-vous pour \u00eatre recontact\u00e9. <\/p>\t\t\t\t\t\t\t\t<\/div>\n\t\t\t\t<\/div>\n\t\t\t\t\t<\/div>\n\t\t<\/div>\n\t\t\t\t<div class=\"elementor-column elementor-col-50 elementor-top-column elementor-element elementor-element-69c6858\" data-id=\"69c6858\" data-element_type=\"column\">\n\t\t\t<div class=\"elementor-widget-wrap elementor-element-populated\">\n\t\t\t\t\t\t<div class=\"elementor-element elementor-element-89f2a44 elementor-align-right elementor-mobile-align-center elementor-widget elementor-widget-button\" data-id=\"89f2a44\" data-element_type=\"widget\" data-widget_type=\"button.default\">\n\t\t\t\t<div class=\"elementor-widget-container\">\n\t\t\t\t\t\t\t\t\t<div class=\"elementor-button-wrapper\">\n\t\t\t\t\t<a class=\"elementor-button elementor-button-link elementor-size-xl elementor-animation-grow\" href=\"https:\/\/dentoconseil.com\/index.php\/contact-2\/\">\n\t\t\t\t\t\t<span class=\"elementor-button-content-wrapper\">\n\t\t\t\t\t\t<span class=\"elementor-button-icon\">\n\t\t\t\t<i aria-hidden=\"true\" class=\"fas fa-phone\"><\/i>\t\t\t<\/span>\n\t\t\t\t\t\t\t\t\t<span class=\"elementor-button-text\">Prendre RDV<\/span>\n\t\t\t\t\t<\/span>\n\t\t\t\t\t<\/a>\n\t\t\t\t<\/div>\n\t\t\t\t\t\t\t\t<\/div>\n\t\t\t\t<\/div>\n\t\t\t\t\t<\/div>\n\t\t<\/div>\n\t\t\t\t\t<\/div>\n\t\t<\/section>\n\t\t\t\t<\/div>\n\t\t","protected":false},"excerpt":{"rendered":"<p>Formation Conseil &#038; Coaching Dans le domaine de la proth\u00e8se dentaire et des activit\u00e9s transverses Bienvenue sur le site de DentOconseil \u00a0 D\u00e9couvrez-nous Formation Conseil Financement RH Contact Un accompagnement personnalis\u00e9 D\u00e9terminer votre besoin de formation, Construire votre projet de formation, Se former \u00e0 distance ou en pr\u00e9sentiel, Choisir la voix de l&rsquo;alternance, Vous avez [&hellip;]<\/p>\n","protected":false},"author":1,"featured_media":0,"parent":0,"menu_order":0,"comment_status":"open","ping_status":"closed","template":"elementor_header_footer","meta":{"footnotes":""},"class_list":["post-456","page","type-page","status-publish","hentry"],"yoast_head":"<!-- This site is optimized with the Yoast SEO plugin v26.6 - https:\/\/yoast.com\/wordpress\/plugins\/seo\/ -->\n<title>Accueil - Dento Conseil - Formation conseil et coaching - Proth\u00e8se dentaire<\/title>\n<meta name=\"description\" content=\"DentOconseil est un centre de formation et de coaching dans le domaine de la proth\u00e8se dentaire et des activit\u00e9s transverses.\" \/>\n<meta name=\"robots\" content=\"index, follow, max-snippet:-1, max-image-preview:large, max-video-preview:-1\" \/>\n<link rel=\"canonical\" href=\"https:\/\/dentoconseil.com\/\" \/>\n<meta property=\"og:locale\" content=\"fr_FR\" \/>\n<meta property=\"og:type\" content=\"article\" \/>\n<meta property=\"og:title\" content=\"Accueil - Dento Conseil - Formation conseil et coaching - Proth\u00e8se dentaire\" \/>\n<meta property=\"og:description\" content=\"DentOconseil est un centre de formation et de coaching dans le domaine de la proth\u00e8se dentaire et des activit\u00e9s transverses.\" \/>\n<meta property=\"og:url\" content=\"https:\/\/dentoconseil.com\/\" \/>\n<meta property=\"og:site_name\" content=\"Dento Conseil\" \/>\n<meta property=\"article:modified_time\" content=\"2023-11-09T15:22:24+00:00\" \/>\n<meta property=\"og:image\" content=\"https:\/\/dentoconseil.com\/wp-content\/uploads\/2023\/11\/Screenshot-2023-11-09-at-16.20.59-1024x909.png\" \/>\n<meta name=\"twitter:card\" content=\"summary_large_image\" \/>\n<meta name=\"twitter:label1\" content=\"Dur\u00e9e de lecture estim\u00e9e\" \/>\n\t<meta name=\"twitter:data1\" content=\"2 minutes\" \/>\n<script type=\"application\/ld+json\" class=\"yoast-schema-graph\">{\"@context\":\"https:\/\/schema.org\",\"@graph\":[{\"@type\":\"WebPage\",\"@id\":\"https:\/\/dentoconseil.com\/\",\"url\":\"https:\/\/dentoconseil.com\/\",\"name\":\"Accueil - Dento Conseil - Formation conseil et coaching - Proth\u00e8se dentaire\",\"isPartOf\":{\"@id\":\"https:\/\/dentoconseil.com\/#website\"},\"primaryImageOfPage\":{\"@id\":\"https:\/\/dentoconseil.com\/#primaryimage\"},\"image\":{\"@id\":\"https:\/\/dentoconseil.com\/#primaryimage\"},\"thumbnailUrl\":\"https:\/\/dentoconseil.com\/wp-content\/uploads\/2023\/11\/Screenshot-2023-11-09-at-16.20.59-1024x909.png\",\"datePublished\":\"2015-07-29T11:44:44+00:00\",\"dateModified\":\"2023-11-09T15:22:24+00:00\",\"description\":\"DentOconseil est un centre de formation et de coaching dans le domaine de la proth\u00e8se dentaire et des activit\u00e9s transverses.\",\"breadcrumb\":{\"@id\":\"https:\/\/dentoconseil.com\/#breadcrumb\"},\"inLanguage\":\"fr-FR\",\"potentialAction\":[{\"@type\":\"ReadAction\",\"target\":[\"https:\/\/dentoconseil.com\/\"]}]},{\"@type\":\"ImageObject\",\"inLanguage\":\"fr-FR\",\"@id\":\"https:\/\/dentoconseil.com\/#primaryimage\",\"url\":\"https:\/\/dentoconseil.com\/wp-content\/uploads\/2023\/11\/Screenshot-2023-11-09-at-16.20.59.png\",\"contentUrl\":\"https:\/\/dentoconseil.com\/wp-content\/uploads\/2023\/11\/Screenshot-2023-11-09-at-16.20.59.png\",\"width\":1552,\"height\":1378},{\"@type\":\"BreadcrumbList\",\"@id\":\"https:\/\/dentoconseil.com\/#breadcrumb\",\"itemListElement\":[{\"@type\":\"ListItem\",\"position\":1,\"name\":\"Accueil\",\"item\":\"https:\/\/dentoconseil.com\/\"},{\"@type\":\"ListItem\",\"position\":2,\"name\":\"Accueil\"}]},{\"@type\":\"WebSite\",\"@id\":\"https:\/\/dentoconseil.com\/#website\",\"url\":\"https:\/\/dentoconseil.com\/\",\"name\":\"Dento Conseil\",\"description\":\"Organisme de formation m\u00e9tiers de la proth\u00e8se dentaire\",\"publisher\":{\"@id\":\"https:\/\/dentoconseil.com\/#organization\"},\"potentialAction\":[{\"@type\":\"SearchAction\",\"target\":{\"@type\":\"EntryPoint\",\"urlTemplate\":\"https:\/\/dentoconseil.com\/?s={search_term_string}\"},\"query-input\":{\"@type\":\"PropertyValueSpecification\",\"valueRequired\":true,\"valueName\":\"search_term_string\"}}],\"inLanguage\":\"fr-FR\"},{\"@type\":\"Organization\",\"@id\":\"https:\/\/dentoconseil.com\/#organization\",\"name\":\"Dento Conseil\",\"url\":\"https:\/\/dentoconseil.com\/\",\"logo\":{\"@type\":\"ImageObject\",\"inLanguage\":\"fr-FR\",\"@id\":\"https:\/\/dentoconseil.com\/#\/schema\/logo\/image\/\",\"url\":\"https:\/\/dentoconseil.com\/wp-content\/uploads\/2020\/06\/3.png\",\"contentUrl\":\"https:\/\/dentoconseil.com\/wp-content\/uploads\/2020\/06\/3.png\",\"width\":800,\"height\":600,\"caption\":\"Dento Conseil\"},\"image\":{\"@id\":\"https:\/\/dentoconseil.com\/#\/schema\/logo\/image\/\"}}]}<\/script>\n<!-- \/ Yoast SEO plugin. -->","yoast_head_json":{"title":"Accueil - Dento Conseil - Formation conseil et coaching - Proth\u00e8se dentaire","description":"DentOconseil est un centre de formation et de coaching dans le domaine de la proth\u00e8se dentaire et des activit\u00e9s transverses.","robots":{"index":"index","follow":"follow","max-snippet":"max-snippet:-1","max-image-preview":"max-image-preview:large","max-video-preview":"max-video-preview:-1"},"canonical":"https:\/\/dentoconseil.com\/","og_locale":"fr_FR","og_type":"article","og_title":"Accueil - Dento Conseil - Formation conseil et coaching - Proth\u00e8se dentaire","og_description":"DentOconseil est un centre de formation et de coaching dans le domaine de la proth\u00e8se dentaire et des activit\u00e9s transverses.","og_url":"https:\/\/dentoconseil.com\/","og_site_name":"Dento Conseil","article_modified_time":"2023-11-09T15:22:24+00:00","og_image":[{"url":"https:\/\/dentoconseil.com\/wp-content\/uploads\/2023\/11\/Screenshot-2023-11-09-at-16.20.59-1024x909.png","type":"","width":"","height":""}],"twitter_card":"summary_large_image","twitter_misc":{"Dur\u00e9e de lecture estim\u00e9e":"2 minutes"},"schema":{"@context":"https:\/\/schema.org","@graph":[{"@type":"WebPage","@id":"https:\/\/dentoconseil.com\/","url":"https:\/\/dentoconseil.com\/","name":"Accueil - Dento Conseil - Formation conseil et coaching - Proth\u00e8se dentaire","isPartOf":{"@id":"https:\/\/dentoconseil.com\/#website"},"primaryImageOfPage":{"@id":"https:\/\/dentoconseil.com\/#primaryimage"},"image":{"@id":"https:\/\/dentoconseil.com\/#primaryimage"},"thumbnailUrl":"https:\/\/dentoconseil.com\/wp-content\/uploads\/2023\/11\/Screenshot-2023-11-09-at-16.20.59-1024x909.png","datePublished":"2015-07-29T11:44:44+00:00","dateModified":"2023-11-09T15:22:24+00:00","description":"DentOconseil est un centre de formation et de coaching dans le domaine de la proth\u00e8se dentaire et des activit\u00e9s transverses.","breadcrumb":{"@id":"https:\/\/dentoconseil.com\/#breadcrumb"},"inLanguage":"fr-FR","potentialAction":[{"@type":"ReadAction","target":["https:\/\/dentoconseil.com\/"]}]},{"@type":"ImageObject","inLanguage":"fr-FR","@id":"https:\/\/dentoconseil.com\/#primaryimage","url":"https:\/\/dentoconseil.com\/wp-content\/uploads\/2023\/11\/Screenshot-2023-11-09-at-16.20.59.png","contentUrl":"https:\/\/dentoconseil.com\/wp-content\/uploads\/2023\/11\/Screenshot-2023-11-09-at-16.20.59.png","width":1552,"height":1378},{"@type":"BreadcrumbList","@id":"https:\/\/dentoconseil.com\/#breadcrumb","itemListElement":[{"@type":"ListItem","position":1,"name":"Accueil","item":"https:\/\/dentoconseil.com\/"},{"@type":"ListItem","position":2,"name":"Accueil"}]},{"@type":"WebSite","@id":"https:\/\/dentoconseil.com\/#website","url":"https:\/\/dentoconseil.com\/","name":"Dento Conseil","description":"Organisme de formation m\u00e9tiers de la proth\u00e8se dentaire","publisher":{"@id":"https:\/\/dentoconseil.com\/#organization"},"potentialAction":[{"@type":"SearchAction","target":{"@type":"EntryPoint","urlTemplate":"https:\/\/dentoconseil.com\/?s={search_term_string}"},"query-input":{"@type":"PropertyValueSpecification","valueRequired":true,"valueName":"search_term_string"}}],"inLanguage":"fr-FR"},{"@type":"Organization","@id":"https:\/\/dentoconseil.com\/#organization","name":"Dento Conseil","url":"https:\/\/dentoconseil.com\/","logo":{"@type":"ImageObject","inLanguage":"fr-FR","@id":"https:\/\/dentoconseil.com\/#\/schema\/logo\/image\/","url":"https:\/\/dentoconseil.com\/wp-content\/uploads\/2020\/06\/3.png","contentUrl":"https:\/\/dentoconseil.com\/wp-content\/uploads\/2020\/06\/3.png","width":800,"height":600,"caption":"Dento Conseil"},"image":{"@id":"https:\/\/dentoconseil.com\/#\/schema\/logo\/image\/"}}]}},"_links":{"self":[{"href":"https:\/\/dentoconseil.com\/index.php\/wp-json\/wp\/v2\/pages\/456","targetHints":{"allow":["GET"]}}],"collection":[{"href":"https:\/\/dentoconseil.com\/index.php\/wp-json\/wp\/v2\/pages"}],"about":[{"href":"https:\/\/dentoconseil.com\/index.php\/wp-json\/wp\/v2\/types\/page"}],"author":[{"embeddable":true,"href":"https:\/\/dentoconseil.com\/index.php\/wp-json\/wp\/v2\/users\/1"}],"replies":[{"embeddable":true,"href":"https:\/\/dentoconseil.com\/index.php\/wp-json\/wp\/v2\/comments?post=456"}],"version-history":[{"count":237,"href":"https:\/\/dentoconseil.com\/index.php\/wp-json\/wp\/v2\/pages\/456\/revisions"}],"predecessor-version":[{"id":2475,"href":"https:\/\/dentoconseil.com\/index.php\/wp-json\/wp\/v2\/pages\/456\/revisions\/2475"}],"wp:attachment":[{"href":"https:\/\/dentoconseil.com\/index.php\/wp-json\/wp\/v2\/media?parent=456"}],"curies":[{"name":"wp","href":"https:\/\/api.w.org\/{rel}","templated":true}]}}