{"id":1515,"date":"2021-06-17T14:20:29","date_gmt":"2021-06-17T12:20:29","guid":{"rendered":"https:\/\/dentoconseil.com\/?page_id=1515"},"modified":"2021-06-29T14:18:07","modified_gmt":"2021-06-29T12:18:07","slug":"cgv","status":"publish","type":"page","link":"https:\/\/dentoconseil.com\/index.php\/cgv\/","title":{"rendered":"CGV"},"content":{"rendered":"\t\t<div data-elementor-type=\"wp-page\" data-elementor-id=\"1515\" class=\"elementor elementor-1515\" data-elementor-post-type=\"page\">\n\t\t\t\t\t\t<section class=\"elementor-section elementor-top-section elementor-element elementor-element-91d38c4 elementor-section-boxed elementor-section-height-default elementor-section-height-default\" data-id=\"91d38c4\" data-element_type=\"section\">\n\t\t\t\t\t\t<div class=\"elementor-container elementor-column-gap-default\">\n\t\t\t\t\t<div class=\"elementor-column elementor-col-100 elementor-top-column elementor-element elementor-element-291b9b4\" data-id=\"291b9b4\" data-element_type=\"column\">\n\t\t\t<div class=\"elementor-widget-wrap elementor-element-populated\">\n\t\t\t\t\t\t<div class=\"elementor-element elementor-element-626a034 elementor-widget elementor-widget-spacer\" data-id=\"626a034\" data-element_type=\"widget\" data-widget_type=\"spacer.default\">\n\t\t\t\t<div class=\"elementor-widget-container\">\n\t\t\t\t\t\t\t<div class=\"elementor-spacer\">\n\t\t\t<div class=\"elementor-spacer-inner\"><\/div>\n\t\t<\/div>\n\t\t\t\t\t\t<\/div>\n\t\t\t\t<\/div>\n\t\t\t\t<div class=\"elementor-element elementor-element-f1bea79 elementor-widget elementor-widget-heading\" data-id=\"f1bea79\" data-element_type=\"widget\" data-widget_type=\"heading.default\">\n\t\t\t\t<div class=\"elementor-widget-container\">\n\t\t\t\t\t<h2 class=\"elementor-heading-title elementor-size-default\">Conditions G\u00e9n\u00e9rales de Vente<br><\/h2>\t\t\t\t<\/div>\n\t\t\t\t<\/div>\n\t\t\t\t<div class=\"elementor-element elementor-element-b9436be elementor-widget elementor-widget-text-editor\" data-id=\"b9436be\" data-element_type=\"widget\" data-widget_type=\"text-editor.default\">\n\t\t\t\t<div class=\"elementor-widget-container\">\n\t\t\t\t\t\t\t\t\t<p><b>D\u00c9SIGNATION<\/b><br \/>La soci\u00e9t\u00e9 DentOconseil d\u00e9signe un organisme de formation professionnelle, dont le si\u00e8ge social<br \/>est situ\u00e9 84, rue Marcel Bontemps 92100 Boulogne Billancourt.<br \/>DentOconseil met en place et dispense des formations inter et intra entreprises, \u00e0 Boulogne Billancourt,<br \/>dans l&rsquo;ensemble du territoire national, seule ou en partenariat.<\/p><p>Dans les paragraphes qui suivent, il est convenu de d\u00e9signer par :<br \/>o Client\u00a0: toute personne physique ou morale qui s&rsquo;inscrit ou passe commande d&rsquo;une formation aupr\u00e8s de la soci\u00e9t\u00e9 DentOconseil.<br \/>o Stagiaire\u00a0: la personne physique qui participe \u00e0 une formation.<br \/>o CGV : les conditions g\u00e9n\u00e9rales de vente, d\u00e9taill\u00e9es ci-dessous.<br \/>o OPCO : les op\u00e9rateurs de comp\u00e9tence agr\u00e9\u00e9s charg\u00e9s de collecter et g\u00e9rer l\u2019effort de formation des entreprises.<\/p><p><b>Objet et champ d\u2019application<\/b><br \/>Les pr\u00e9sentes Conditions G\u00e9n\u00e9rales de Vente d\u00e9terminent les conditions applicables aux prestations de formation effectu\u00e9es par la soci\u00e9t\u00e9 DentOconseil pour le compte d\u2019un client. Toute commande de formation aupr\u00e8s de la soci\u00e9t\u00e9 implique l\u2019acceptation sans r\u00e9serve du client des pr\u00e9sentes Conditions G\u00e9n\u00e9rales de Vente. Ces conditions pr\u00e9valent sur tout autre document du client, en particulier sur toutes conditions g\u00e9n\u00e9rales d\u2019achat.<\/p><p><b>Devis et attestation<\/b><br \/>Pour chaque formation, la soci\u00e9t\u00e9 DentOconseil s\u2019engage \u00e0 fournir un devis au client. Ce dernier est tenu de<br \/>retourner \u00e0 la soci\u00e9t\u00e9 un exemplaire renseign\u00e9, dat\u00e9, sign\u00e9 et tamponn\u00e9, avec la mention \u00ab\u00a0Bon pour accord \u00ab\u00a0.<br \/>Le cas \u00e9ch\u00e9ant une convention particuli\u00e8re peut \u00eatre \u00e9tablie entre la soci\u00e9t\u00e9 DentOconseil, l\u2019OPCO ou le client.<br \/>\u00c0 la demande du client, une attestation de pr\u00e9sence ou de fin de formation, ainsi que des feuilles<br \/>d\u2019\u00e9margement peuvent lui \u00eatre fournies.<\/p><p><b>Prix et modalit\u00e9s de paiement<\/b><br \/>Les prix des formations sont indiqu\u00e9s en euros hors taxes et ils sont \u00e0 majorer de la TVA au taux en vigueur. Le paiement est \u00e0 effectuer apr\u00e8s ex\u00e9cution de la prestation, \u00e0 r\u00e9ception de la facture, au comptant. Le r\u00e8glement des factures peut \u00eatre effectu\u00e9 par virement bancaire ou par ch\u00e8que. Dans des situations exceptionnelles, il peut \u00eatre proc\u00e9d\u00e9 \u00e0 un paiement \u00e9chelonn\u00e9. En tout \u00e9tat de cause, ses modalit\u00e9s devront avoir \u00e9t\u00e9 formalis\u00e9es avant le d\u00e9marrage de la formation.<\/p><p><b>Prise en charge<\/b><br \/>Si le client b\u00e9n\u00e9ficie d\u2019un financement par un OPCO, il doit faire une demande de prise en charge avant le<br \/>d\u00e9but de la prestation. Le client est tenu de fournir l\u2019accord de financement lors de l\u2019inscription. Dans le cas<br \/>o\u00f9 la soci\u00e9t\u00e9 DentOconseil ne re\u00e7oit pas la prise en charge de l\u2019OPCO au 1er jour de la formation,<br \/>l&rsquo;int\u00e9gralit\u00e9 co\u00fbts de formation sera factur\u00e9e au client.<\/p><p>\u00a0<\/p><p><b>Conditions de report et d\u2019annulation d\u2019une s\u00e9ance de formation<\/b><br \/>L\u2019annulation d\u2019une s\u00e9ance de formation est possible, \u00e0 condition de le faire au moins 10 jours calendaires avant le jour et l\u2019heure du d\u00e9but de la formation. Toute annulation doit faire l\u2019objet d\u2019une notification par email \u00e0 l\u2019adresse dentoconseil@gmail.com. En cas d\u2019annulation entre 4 et 10 jours ouvrables avant la date de la formation, le client est tenu de payer une p\u00e9nalit\u00e9 d\u2019annulation, \u00e0 hauteur de 10% du co\u00fbt total initial de la formation. En cas d\u2019annulation moins de 3 jours ouvrables avant le d\u00e9but de la formation, une p\u00e9nalit\u00e9 d\u2019annulation correspondant \u00e0 50% du co\u00fbt total initial sera factur\u00e9e au client. La demande de report de sa participation \u00e0 une formation peut \u00eatre effectu\u00e9e par le client, \u00e0 condition d\u2019adresser une demande \u00e9crite \u00e0 l\u2019organisme de formation dans un d\u00e9lai de 10 jours avant la date de la formation. En cas d\u2019inex\u00e9cution de ses obligations suite \u00e0 un \u00e9v\u00e9nement fortuit ou \u00e0 un cas de force majeur, la soci\u00e9t\u00e9 DentOconseil ne pourra \u00eatre tenue responsable \u00e0 l\u2019\u00e9gard de ses clients. Ces derniers seront inform\u00e9s par mail.<\/p><p><b>Programme des formations<\/b><br \/>S\u2019il le juge n\u00e9cessaire, l\u2019intervenant pourra modifier les contenus des formations suivant l\u2019actualit\u00e9, la<br \/>dynamique de groupe ou le niveau des participants. Les contenus des programmes figurant sur les fiches de pr\u00e9sentation ne sont ainsi fournis qu\u2019\u00e0 titre indicatif.<\/p><p><b>Propri\u00e9t\u00e9 intellectuelle et droit d\u2019auteur<\/b><br \/>Les supports de formation, quelle qu\u2019en soit la forme (papier, num\u00e9rique, \u00e9lectronique&#8230;), sont prot\u00e9g\u00e9s par la propri\u00e9t\u00e9 intellectuelle et le droit d\u2019auteur. Leur reproduction, partielle ou totale, ne peut \u00eatre effectu\u00e9e sans l\u2019accord expr\u00e8s de la soci\u00e9t\u00e9. Le client s\u2019engage \u00e0 ne pas utiliser, transmettre ou reproduire tout ou partie de ces documents en vue de l\u2019organisation ou de l\u2019animation de formations.<\/p><p><b>Informatique et libert\u00e9s<\/b><br \/>Les informations \u00e0 caract\u00e8re personnel communiqu\u00e9es par le client \u00e0 la soci\u00e9t\u00e9 DentOconseil sont utiles pour le traitement de l\u2019inscription ainsi que pour la constitution d\u2019un fichier client\u00e8le pour des prospections commerciales. Suivant la loi \u00ab informatique et libert\u00e9s \u00bb du 6 janvier 1978, le client dispose d\u2019un droit d\u2019acc\u00e8s, de rectification et d\u2019opposition des donn\u00e9es personnelles le concernant.<br \/>La soci\u00e9t\u00e9 DentOconseil s\u2019engage \u00e0 appliquer les mesures administratives, physiques et techniques appropri\u00e9es pour pr\u00e9server la s\u00e9curit\u00e9, la confidentialit\u00e9 et l\u2019int\u00e9grit\u00e9 des donn\u00e9es du client. Elle s\u2019interdit de divulguer les donn\u00e9es du client, sauf en cas de contrainte l\u00e9gale.<br \/>Loi applicable et attribution de comp\u00e9tence Les pr\u00e9sentes Conditions G\u00e9n\u00e9rales de Vente sont encadr\u00e9es par la loi fran\u00e7aise. En cas de litige survenant entre la soci\u00e9t\u00e9 DentOconseil et le client, la recherche d\u2019une solution \u00e0 l\u2019amiable sera privil\u00e9gi\u00e9e. \u00c0 d\u00e9faut, l&rsquo;affaire sera port\u00e9e devant les tribunaux de Nanterre.<\/p><p>\u00a0<\/p><p>DentOconseil &#8211; 84 rue Marcel Bontemps 92100 Boulogne &#8211; t\u00e9l : 06 62 98 56 15<br \/>RCS Nanterre 892 384 272 &#8211; APE 7022 Z\u00a0\u00a0\u00a0\u00a0\u00a0\u00a0 email: contact@dentoconseil.com<\/p><p>\u00a0 D\u00e9claration d&rsquo;activit\u00e9 enregist\u00e9\u00e9 sous le num\u00e9ro 11922403992 aupr\u00e8s du Pr\u00e9fet de r\u00e9gion Ile de France<\/p>\t\t\t\t\t\t\t\t<\/div>\n\t\t\t\t<\/div>\n\t\t\t\t\t<\/div>\n\t\t<\/div>\n\t\t\t\t\t<\/div>\n\t\t<\/section>\n\t\t\t\t<\/div>\n\t\t","protected":false},"excerpt":{"rendered":"<p>Conditions G\u00e9n\u00e9rales de Vente D\u00c9SIGNATION La soci\u00e9t\u00e9 DentOconseil d\u00e9signe un organisme de formation professionnelle, dont le si\u00e8ge social est situ\u00e9 84, rue Marcel Bontemps 92100 Boulogne Billancourt. DentOconseil met en place et dispense des formations inter et intra entreprises, \u00e0 Boulogne Billancourt, dans l&rsquo;ensemble du territoire national, seule ou en partenariat. Dans les paragraphes qui [&hellip;]<\/p>\n","protected":false},"author":1,"featured_media":0,"parent":0,"menu_order":0,"comment_status":"closed","ping_status":"closed","template":"","meta":{"footnotes":""},"class_list":["post-1515","page","type-page","status-publish","hentry"],"yoast_head":"<!-- This site is optimized with the Yoast SEO plugin v26.6 - https:\/\/yoast.com\/wordpress\/plugins\/seo\/ -->\n<title>CGV - Dento Conseil - conditions g\u00e9n\u00e9rales de vente<\/title>\n<meta name=\"description\" content=\"Les pr\u00e9sentes conditions g\u00e9n\u00e9rales de vente ont pour objet de d\u00e9finir les conditions applicables aux prestations de formation.\" \/>\n<meta name=\"robots\" content=\"index, follow, max-snippet:-1, max-image-preview:large, max-video-preview:-1\" \/>\n<link rel=\"canonical\" href=\"https:\/\/dentoconseil.com\/index.php\/cgv\/\" \/>\n<meta property=\"og:locale\" content=\"fr_FR\" \/>\n<meta property=\"og:type\" content=\"article\" \/>\n<meta property=\"og:title\" content=\"CGV - Dento Conseil - conditions g\u00e9n\u00e9rales de vente\" \/>\n<meta property=\"og:description\" content=\"Les pr\u00e9sentes conditions g\u00e9n\u00e9rales de vente ont pour objet de d\u00e9finir les conditions applicables aux prestations de formation.\" \/>\n<meta property=\"og:url\" content=\"https:\/\/dentoconseil.com\/index.php\/cgv\/\" \/>\n<meta property=\"og:site_name\" content=\"Dento Conseil\" \/>\n<meta property=\"article:modified_time\" content=\"2021-06-29T12:18:07+00:00\" \/>\n<meta name=\"twitter:card\" content=\"summary_large_image\" \/>\n<meta name=\"twitter:label1\" content=\"Dur\u00e9e de lecture estim\u00e9e\" \/>\n\t<meta name=\"twitter:data1\" content=\"4 minutes\" \/>\n<script type=\"application\/ld+json\" class=\"yoast-schema-graph\">{\"@context\":\"https:\/\/schema.org\",\"@graph\":[{\"@type\":\"WebPage\",\"@id\":\"https:\/\/dentoconseil.com\/index.php\/cgv\/\",\"url\":\"https:\/\/dentoconseil.com\/index.php\/cgv\/\",\"name\":\"CGV - Dento Conseil - conditions g\u00e9n\u00e9rales de vente\",\"isPartOf\":{\"@id\":\"https:\/\/dentoconseil.com\/#website\"},\"datePublished\":\"2021-06-17T12:20:29+00:00\",\"dateModified\":\"2021-06-29T12:18:07+00:00\",\"description\":\"Les pr\u00e9sentes conditions g\u00e9n\u00e9rales de vente ont pour objet de d\u00e9finir les conditions applicables aux prestations de formation.\",\"breadcrumb\":{\"@id\":\"https:\/\/dentoconseil.com\/index.php\/cgv\/#breadcrumb\"},\"inLanguage\":\"fr-FR\",\"potentialAction\":[{\"@type\":\"ReadAction\",\"target\":[\"https:\/\/dentoconseil.com\/index.php\/cgv\/\"]}]},{\"@type\":\"BreadcrumbList\",\"@id\":\"https:\/\/dentoconseil.com\/index.php\/cgv\/#breadcrumb\",\"itemListElement\":[{\"@type\":\"ListItem\",\"position\":1,\"name\":\"Accueil\",\"item\":\"https:\/\/dentoconseil.com\/\"},{\"@type\":\"ListItem\",\"position\":2,\"name\":\"CGV\"}]},{\"@type\":\"WebSite\",\"@id\":\"https:\/\/dentoconseil.com\/#website\",\"url\":\"https:\/\/dentoconseil.com\/\",\"name\":\"Dento Conseil\",\"description\":\"Organisme de formation m\u00e9tiers de la proth\u00e8se dentaire\",\"publisher\":{\"@id\":\"https:\/\/dentoconseil.com\/#organization\"},\"potentialAction\":[{\"@type\":\"SearchAction\",\"target\":{\"@type\":\"EntryPoint\",\"urlTemplate\":\"https:\/\/dentoconseil.com\/?s={search_term_string}\"},\"query-input\":{\"@type\":\"PropertyValueSpecification\",\"valueRequired\":true,\"valueName\":\"search_term_string\"}}],\"inLanguage\":\"fr-FR\"},{\"@type\":\"Organization\",\"@id\":\"https:\/\/dentoconseil.com\/#organization\",\"name\":\"Dento Conseil\",\"url\":\"https:\/\/dentoconseil.com\/\",\"logo\":{\"@type\":\"ImageObject\",\"inLanguage\":\"fr-FR\",\"@id\":\"https:\/\/dentoconseil.com\/#\/schema\/logo\/image\/\",\"url\":\"https:\/\/dentoconseil.com\/wp-content\/uploads\/2020\/06\/3.png\",\"contentUrl\":\"https:\/\/dentoconseil.com\/wp-content\/uploads\/2020\/06\/3.png\",\"width\":800,\"height\":600,\"caption\":\"Dento Conseil\"},\"image\":{\"@id\":\"https:\/\/dentoconseil.com\/#\/schema\/logo\/image\/\"}}]}<\/script>\n<!-- \/ Yoast SEO plugin. -->","yoast_head_json":{"title":"CGV - Dento Conseil - conditions g\u00e9n\u00e9rales de vente","description":"Les pr\u00e9sentes conditions g\u00e9n\u00e9rales de vente ont pour objet de d\u00e9finir les conditions applicables aux prestations de formation.","robots":{"index":"index","follow":"follow","max-snippet":"max-snippet:-1","max-image-preview":"max-image-preview:large","max-video-preview":"max-video-preview:-1"},"canonical":"https:\/\/dentoconseil.com\/index.php\/cgv\/","og_locale":"fr_FR","og_type":"article","og_title":"CGV - Dento Conseil - conditions g\u00e9n\u00e9rales de vente","og_description":"Les pr\u00e9sentes conditions g\u00e9n\u00e9rales de vente ont pour objet de d\u00e9finir les conditions applicables aux prestations de formation.","og_url":"https:\/\/dentoconseil.com\/index.php\/cgv\/","og_site_name":"Dento Conseil","article_modified_time":"2021-06-29T12:18:07+00:00","twitter_card":"summary_large_image","twitter_misc":{"Dur\u00e9e de lecture estim\u00e9e":"4 minutes"},"schema":{"@context":"https:\/\/schema.org","@graph":[{"@type":"WebPage","@id":"https:\/\/dentoconseil.com\/index.php\/cgv\/","url":"https:\/\/dentoconseil.com\/index.php\/cgv\/","name":"CGV - Dento Conseil - conditions g\u00e9n\u00e9rales de vente","isPartOf":{"@id":"https:\/\/dentoconseil.com\/#website"},"datePublished":"2021-06-17T12:20:29+00:00","dateModified":"2021-06-29T12:18:07+00:00","description":"Les pr\u00e9sentes conditions g\u00e9n\u00e9rales de vente ont pour objet de d\u00e9finir les conditions applicables aux prestations de formation.","breadcrumb":{"@id":"https:\/\/dentoconseil.com\/index.php\/cgv\/#breadcrumb"},"inLanguage":"fr-FR","potentialAction":[{"@type":"ReadAction","target":["https:\/\/dentoconseil.com\/index.php\/cgv\/"]}]},{"@type":"BreadcrumbList","@id":"https:\/\/dentoconseil.com\/index.php\/cgv\/#breadcrumb","itemListElement":[{"@type":"ListItem","position":1,"name":"Accueil","item":"https:\/\/dentoconseil.com\/"},{"@type":"ListItem","position":2,"name":"CGV"}]},{"@type":"WebSite","@id":"https:\/\/dentoconseil.com\/#website","url":"https:\/\/dentoconseil.com\/","name":"Dento Conseil","description":"Organisme de formation m\u00e9tiers de la proth\u00e8se dentaire","publisher":{"@id":"https:\/\/dentoconseil.com\/#organization"},"potentialAction":[{"@type":"SearchAction","target":{"@type":"EntryPoint","urlTemplate":"https:\/\/dentoconseil.com\/?s={search_term_string}"},"query-input":{"@type":"PropertyValueSpecification","valueRequired":true,"valueName":"search_term_string"}}],"inLanguage":"fr-FR"},{"@type":"Organization","@id":"https:\/\/dentoconseil.com\/#organization","name":"Dento Conseil","url":"https:\/\/dentoconseil.com\/","logo":{"@type":"ImageObject","inLanguage":"fr-FR","@id":"https:\/\/dentoconseil.com\/#\/schema\/logo\/image\/","url":"https:\/\/dentoconseil.com\/wp-content\/uploads\/2020\/06\/3.png","contentUrl":"https:\/\/dentoconseil.com\/wp-content\/uploads\/2020\/06\/3.png","width":800,"height":600,"caption":"Dento Conseil"},"image":{"@id":"https:\/\/dentoconseil.com\/#\/schema\/logo\/image\/"}}]}},"_links":{"self":[{"href":"https:\/\/dentoconseil.com\/index.php\/wp-json\/wp\/v2\/pages\/1515","targetHints":{"allow":["GET"]}}],"collection":[{"href":"https:\/\/dentoconseil.com\/index.php\/wp-json\/wp\/v2\/pages"}],"about":[{"href":"https:\/\/dentoconseil.com\/index.php\/wp-json\/wp\/v2\/types\/page"}],"author":[{"embeddable":true,"href":"https:\/\/dentoconseil.com\/index.php\/wp-json\/wp\/v2\/users\/1"}],"replies":[{"embeddable":true,"href":"https:\/\/dentoconseil.com\/index.php\/wp-json\/wp\/v2\/comments?post=1515"}],"version-history":[{"count":5,"href":"https:\/\/dentoconseil.com\/index.php\/wp-json\/wp\/v2\/pages\/1515\/revisions"}],"predecessor-version":[{"id":2170,"href":"https:\/\/dentoconseil.com\/index.php\/wp-json\/wp\/v2\/pages\/1515\/revisions\/2170"}],"wp:attachment":[{"href":"https:\/\/dentoconseil.com\/index.php\/wp-json\/wp\/v2\/media?parent=1515"}],"curies":[{"name":"wp","href":"https:\/\/api.w.org\/{rel}","templated":true}]}}