{"id":1305,"date":"2021-06-10T13:39:05","date_gmt":"2021-06-10T11:39:05","guid":{"rendered":"https:\/\/dentoconseil.com\/?page_id=1305"},"modified":"2021-06-29T15:52:22","modified_gmt":"2021-06-29T13:52:22","slug":"rejoignez-nos-equipes","status":"publish","type":"page","link":"https:\/\/dentoconseil.com\/index.php\/rejoignez-nos-equipes\/","title":{"rendered":"Rejoignez nos \u00e9quipes"},"content":{"rendered":"\t\t<div data-elementor-type=\"wp-page\" data-elementor-id=\"1305\" class=\"elementor elementor-1305\" data-elementor-post-type=\"page\">\n\t\t\t\t\t\t<section class=\"elementor-section elementor-top-section elementor-element elementor-element-b8b6fc2 elementor-section-boxed elementor-section-height-default elementor-section-height-default\" data-id=\"b8b6fc2\" data-element_type=\"section\">\n\t\t\t\t\t\t<div class=\"elementor-container elementor-column-gap-default\">\n\t\t\t\t\t<div class=\"elementor-column elementor-col-100 elementor-top-column elementor-element elementor-element-c2b4cc4\" data-id=\"c2b4cc4\" data-element_type=\"column\">\n\t\t\t<div class=\"elementor-widget-wrap elementor-element-populated\">\n\t\t\t\t\t\t<div class=\"elementor-element elementor-element-4ea3f2d elementor-widget elementor-widget-spacer\" data-id=\"4ea3f2d\" data-element_type=\"widget\" data-widget_type=\"spacer.default\">\n\t\t\t\t<div class=\"elementor-widget-container\">\n\t\t\t\t\t\t\t<div class=\"elementor-spacer\">\n\t\t\t<div class=\"elementor-spacer-inner\"><\/div>\n\t\t<\/div>\n\t\t\t\t\t\t<\/div>\n\t\t\t\t<\/div>\n\t\t\t\t<div class=\"elementor-element elementor-element-3e01768 elementor-widget elementor-widget-heading\" data-id=\"3e01768\" data-element_type=\"widget\" data-widget_type=\"heading.default\">\n\t\t\t\t<div class=\"elementor-widget-container\">\n\t\t\t\t\t<h2 class=\"elementor-heading-title elementor-size-default\">Rejoignez l'\u00e9quipe DentOconseil<\/h2>\t\t\t\t<\/div>\n\t\t\t\t<\/div>\n\t\t\t\t<div class=\"elementor-element elementor-element-e682ee3 elementor-widget elementor-widget-spacer\" data-id=\"e682ee3\" data-element_type=\"widget\" data-widget_type=\"spacer.default\">\n\t\t\t\t<div class=\"elementor-widget-container\">\n\t\t\t\t\t\t\t<div class=\"elementor-spacer\">\n\t\t\t<div class=\"elementor-spacer-inner\"><\/div>\n\t\t<\/div>\n\t\t\t\t\t\t<\/div>\n\t\t\t\t<\/div>\n\t\t\t\t\t<\/div>\n\t\t<\/div>\n\t\t\t\t\t<\/div>\n\t\t<\/section>\n\t\t\t\t<section class=\"elementor-section elementor-top-section elementor-element elementor-element-6117097 elementor-section-boxed elementor-section-height-default elementor-section-height-default\" data-id=\"6117097\" data-element_type=\"section\">\n\t\t\t\t\t\t<div class=\"elementor-container elementor-column-gap-default\">\n\t\t\t\t\t<div class=\"elementor-column elementor-col-100 elementor-top-column elementor-element elementor-element-6dbaf7d\" data-id=\"6dbaf7d\" data-element_type=\"column\">\n\t\t\t<div class=\"elementor-widget-wrap elementor-element-populated\">\n\t\t\t\t\t\t<div class=\"elementor-element elementor-element-2362f25 elementor-widget elementor-widget-text-editor\" data-id=\"2362f25\" data-element_type=\"widget\" data-widget_type=\"text-editor.default\">\n\t\t\t\t<div class=\"elementor-widget-container\">\n\t\t\t\t\t\t\t\t\t<p><span data-sheets-value=\"{\" data-sheets-userformat=\"{\">DentOconseil est un organisme de formation sp\u00e9cialis\u00e9 dans la formation professionnelle continue aupr\u00e8s des proth\u00e9sistes dentaires<\/span><\/p><p>Nous recherchons des formateurs ind\u00e9pendants pouvant animer des formations sur toute la France. Ces formateurs doivent disposer d\u2019une exp\u00e9rience professionnelle et p\u00e9dagogique significative<\/p><p><span data-sheets-value=\"{&quot;1&quot;:2,&quot;2&quot;:&quot;Vous \u00eates expert dans un ou plusieurs domaines, exp\u00e9riment\u00e9 sur une ou plusieurs formations,sur les logiciels que vous pratiquez. Autonomie, rigueur et bonne communication orale sont des qualit\u00e9s primordiales pour rejoindre l\u2019\u00e9quipe Dentoconseil.&quot;}\" data-sheets-userformat=\"{&quot;2&quot;:14785,&quot;3&quot;:{&quot;1&quot;:0,&quot;3&quot;:1},&quot;9&quot;:0,&quot;10&quot;:1,&quot;11&quot;:4,&quot;14&quot;:[null,2,7039851],&quot;15&quot;:&quot;Arial&quot;,&quot;16&quot;:10}\">Vous \u00eates expert dans un ou plusieurs domaines, exp\u00e9riment\u00e9 sur une ou plusieurs formations, sur les logiciels que vous pratiquez. Autonomie, rigueur et bonne communication orale sont des qualit\u00e9s primordiales pour rejoindre l\u2019\u00e9quipe DentOconseil.<\/span><\/p><p><span data-sheets-value=\"{&quot;1&quot;:2,&quot;2&quot;:&quot;Vous pensez correspondre au profil recherch\u00e9 ?&quot;}\" data-sheets-userformat=\"{&quot;2&quot;:14785,&quot;3&quot;:{&quot;1&quot;:0,&quot;3&quot;:1},&quot;9&quot;:0,&quot;10&quot;:1,&quot;11&quot;:4,&quot;14&quot;:[null,2,7039851],&quot;15&quot;:&quot;Arial&quot;,&quot;16&quot;:10}\">Vous pensez correspondre au profil recherch\u00e9 ?<\/span><\/p><p><span data-sheets-value=\"{&quot;1&quot;:2,&quot;2&quot;:&quot;Vous pensez correspondre au profil recherch\u00e9 ?&quot;}\" data-sheets-userformat=\"{&quot;2&quot;:14785,&quot;3&quot;:{&quot;1&quot;:0,&quot;3&quot;:1},&quot;9&quot;:0,&quot;10&quot;:1,&quot;11&quot;:4,&quot;14&quot;:[null,2,7039851],&quot;15&quot;:&quot;Arial&quot;,&quot;16&quot;:10}\">R\u00e9servez votre cr\u00e9neau en cliquant ci-dessous et <\/span><span style=\"color: var( --e-global-color-text ); font-family: var( --e-global-typography-text-font-family ), Sans-serif; font-weight: var( --e-global-typography-text-font-weight );\">nous reviendrons vers vous dans les plus brefs d\u00e9lais.<\/span><\/p>\t\t\t\t\t\t\t\t<\/div>\n\t\t\t\t<\/div>\n\t\t\t\t<div class=\"elementor-element elementor-element-7dd168b elementor-align-center elementor-widget elementor-widget-button\" data-id=\"7dd168b\" data-element_type=\"widget\" data-widget_type=\"button.default\">\n\t\t\t\t<div class=\"elementor-widget-container\">\n\t\t\t\t\t\t\t\t\t<div class=\"elementor-button-wrapper\">\n\t\t\t\t\t<a class=\"elementor-button elementor-button-link elementor-size-sm elementor-animation-grow\" href=\"https:\/\/dentoconseil.com\/index.php\/contact-2\/\">\n\t\t\t\t\t\t<span class=\"elementor-button-content-wrapper\">\n\t\t\t\t\t\t\t\t\t<span class=\"elementor-button-text\">R\u00e9servez un appel en cliquant ici !<\/span>\n\t\t\t\t\t<\/span>\n\t\t\t\t\t<\/a>\n\t\t\t\t<\/div>\n\t\t\t\t\t\t\t\t<\/div>\n\t\t\t\t<\/div>\n\t\t\t\t\t<\/div>\n\t\t<\/div>\n\t\t\t\t\t<\/div>\n\t\t<\/section>\n\t\t\t\t<\/div>\n\t\t","protected":false},"excerpt":{"rendered":"<p>Rejoignez l&rsquo;\u00e9quipe DentOconseil DentOconseil est un organisme de formation sp\u00e9cialis\u00e9 dans la formation professionnelle continue aupr\u00e8s des proth\u00e9sistes dentaires Nous recherchons des formateurs ind\u00e9pendants pouvant animer des formations sur toute la France. Ces formateurs doivent disposer d\u2019une exp\u00e9rience professionnelle et p\u00e9dagogique significative Vous \u00eates expert dans un ou plusieurs domaines, exp\u00e9riment\u00e9 sur une ou plusieurs [&hellip;]<\/p>\n","protected":false},"author":1,"featured_media":0,"parent":0,"menu_order":0,"comment_status":"closed","ping_status":"closed","template":"elementor_header_footer","meta":{"footnotes":""},"class_list":["post-1305","page","type-page","status-publish","hentry"],"yoast_head":"<!-- This site is optimized with the Yoast SEO plugin v26.6 - https:\/\/yoast.com\/wordpress\/plugins\/seo\/ -->\n<title>Rejoignez nos \u00e9quipes - Dento Conseil - Recrutement<\/title>\n<meta name=\"description\" content=\"Vous \u00eates expert dans un ou plusieurs domaines? Exp\u00e9riment\u00e9 sur une ou plusieurs formations ou sur les logiciels que vous pratiquez?\" \/>\n<meta name=\"robots\" content=\"index, follow, max-snippet:-1, max-image-preview:large, max-video-preview:-1\" \/>\n<link rel=\"canonical\" href=\"https:\/\/dentoconseil.com\/index.php\/rejoignez-nos-equipes\/\" \/>\n<meta property=\"og:locale\" content=\"fr_FR\" \/>\n<meta property=\"og:type\" content=\"article\" \/>\n<meta property=\"og:title\" content=\"Rejoignez nos \u00e9quipes - Dento Conseil - Recrutement\" \/>\n<meta property=\"og:description\" content=\"Vous \u00eates expert dans un ou plusieurs domaines? Exp\u00e9riment\u00e9 sur une ou plusieurs formations ou sur les logiciels que vous pratiquez?\" \/>\n<meta property=\"og:url\" content=\"https:\/\/dentoconseil.com\/index.php\/rejoignez-nos-equipes\/\" \/>\n<meta property=\"og:site_name\" content=\"Dento Conseil\" \/>\n<meta property=\"article:modified_time\" content=\"2021-06-29T13:52:22+00:00\" \/>\n<meta name=\"twitter:card\" content=\"summary_large_image\" \/>\n<meta name=\"twitter:label1\" content=\"Dur\u00e9e de lecture estim\u00e9e\" \/>\n\t<meta name=\"twitter:data1\" content=\"1 minute\" \/>\n<script type=\"application\/ld+json\" class=\"yoast-schema-graph\">{\"@context\":\"https:\/\/schema.org\",\"@graph\":[{\"@type\":\"WebPage\",\"@id\":\"https:\/\/dentoconseil.com\/index.php\/rejoignez-nos-equipes\/\",\"url\":\"https:\/\/dentoconseil.com\/index.php\/rejoignez-nos-equipes\/\",\"name\":\"Rejoignez nos \u00e9quipes - Dento Conseil - Recrutement\",\"isPartOf\":{\"@id\":\"https:\/\/dentoconseil.com\/#website\"},\"datePublished\":\"2021-06-10T11:39:05+00:00\",\"dateModified\":\"2021-06-29T13:52:22+00:00\",\"description\":\"Vous \u00eates expert dans un ou plusieurs domaines? Exp\u00e9riment\u00e9 sur une ou plusieurs formations ou sur les logiciels que vous pratiquez?\",\"breadcrumb\":{\"@id\":\"https:\/\/dentoconseil.com\/index.php\/rejoignez-nos-equipes\/#breadcrumb\"},\"inLanguage\":\"fr-FR\",\"potentialAction\":[{\"@type\":\"ReadAction\",\"target\":[\"https:\/\/dentoconseil.com\/index.php\/rejoignez-nos-equipes\/\"]}]},{\"@type\":\"BreadcrumbList\",\"@id\":\"https:\/\/dentoconseil.com\/index.php\/rejoignez-nos-equipes\/#breadcrumb\",\"itemListElement\":[{\"@type\":\"ListItem\",\"position\":1,\"name\":\"Accueil\",\"item\":\"https:\/\/dentoconseil.com\/\"},{\"@type\":\"ListItem\",\"position\":2,\"name\":\"Rejoignez nos \u00e9quipes\"}]},{\"@type\":\"WebSite\",\"@id\":\"https:\/\/dentoconseil.com\/#website\",\"url\":\"https:\/\/dentoconseil.com\/\",\"name\":\"Dento Conseil\",\"description\":\"Organisme de formation m\u00e9tiers de la proth\u00e8se dentaire\",\"publisher\":{\"@id\":\"https:\/\/dentoconseil.com\/#organization\"},\"potentialAction\":[{\"@type\":\"SearchAction\",\"target\":{\"@type\":\"EntryPoint\",\"urlTemplate\":\"https:\/\/dentoconseil.com\/?s={search_term_string}\"},\"query-input\":{\"@type\":\"PropertyValueSpecification\",\"valueRequired\":true,\"valueName\":\"search_term_string\"}}],\"inLanguage\":\"fr-FR\"},{\"@type\":\"Organization\",\"@id\":\"https:\/\/dentoconseil.com\/#organization\",\"name\":\"Dento Conseil\",\"url\":\"https:\/\/dentoconseil.com\/\",\"logo\":{\"@type\":\"ImageObject\",\"inLanguage\":\"fr-FR\",\"@id\":\"https:\/\/dentoconseil.com\/#\/schema\/logo\/image\/\",\"url\":\"https:\/\/dentoconseil.com\/wp-content\/uploads\/2020\/06\/3.png\",\"contentUrl\":\"https:\/\/dentoconseil.com\/wp-content\/uploads\/2020\/06\/3.png\",\"width\":800,\"height\":600,\"caption\":\"Dento Conseil\"},\"image\":{\"@id\":\"https:\/\/dentoconseil.com\/#\/schema\/logo\/image\/\"}}]}<\/script>\n<!-- \/ Yoast SEO plugin. -->","yoast_head_json":{"title":"Rejoignez nos \u00e9quipes - Dento Conseil - Recrutement","description":"Vous \u00eates expert dans un ou plusieurs domaines? Exp\u00e9riment\u00e9 sur une ou plusieurs formations ou sur les logiciels que vous pratiquez?","robots":{"index":"index","follow":"follow","max-snippet":"max-snippet:-1","max-image-preview":"max-image-preview:large","max-video-preview":"max-video-preview:-1"},"canonical":"https:\/\/dentoconseil.com\/index.php\/rejoignez-nos-equipes\/","og_locale":"fr_FR","og_type":"article","og_title":"Rejoignez nos \u00e9quipes - Dento Conseil - Recrutement","og_description":"Vous \u00eates expert dans un ou plusieurs domaines? Exp\u00e9riment\u00e9 sur une ou plusieurs formations ou sur les logiciels que vous pratiquez?","og_url":"https:\/\/dentoconseil.com\/index.php\/rejoignez-nos-equipes\/","og_site_name":"Dento Conseil","article_modified_time":"2021-06-29T13:52:22+00:00","twitter_card":"summary_large_image","twitter_misc":{"Dur\u00e9e de lecture estim\u00e9e":"1 minute"},"schema":{"@context":"https:\/\/schema.org","@graph":[{"@type":"WebPage","@id":"https:\/\/dentoconseil.com\/index.php\/rejoignez-nos-equipes\/","url":"https:\/\/dentoconseil.com\/index.php\/rejoignez-nos-equipes\/","name":"Rejoignez nos \u00e9quipes - Dento Conseil - Recrutement","isPartOf":{"@id":"https:\/\/dentoconseil.com\/#website"},"datePublished":"2021-06-10T11:39:05+00:00","dateModified":"2021-06-29T13:52:22+00:00","description":"Vous \u00eates expert dans un ou plusieurs domaines? Exp\u00e9riment\u00e9 sur une ou plusieurs formations ou sur les logiciels que vous pratiquez?","breadcrumb":{"@id":"https:\/\/dentoconseil.com\/index.php\/rejoignez-nos-equipes\/#breadcrumb"},"inLanguage":"fr-FR","potentialAction":[{"@type":"ReadAction","target":["https:\/\/dentoconseil.com\/index.php\/rejoignez-nos-equipes\/"]}]},{"@type":"BreadcrumbList","@id":"https:\/\/dentoconseil.com\/index.php\/rejoignez-nos-equipes\/#breadcrumb","itemListElement":[{"@type":"ListItem","position":1,"name":"Accueil","item":"https:\/\/dentoconseil.com\/"},{"@type":"ListItem","position":2,"name":"Rejoignez nos \u00e9quipes"}]},{"@type":"WebSite","@id":"https:\/\/dentoconseil.com\/#website","url":"https:\/\/dentoconseil.com\/","name":"Dento Conseil","description":"Organisme de formation m\u00e9tiers de la proth\u00e8se dentaire","publisher":{"@id":"https:\/\/dentoconseil.com\/#organization"},"potentialAction":[{"@type":"SearchAction","target":{"@type":"EntryPoint","urlTemplate":"https:\/\/dentoconseil.com\/?s={search_term_string}"},"query-input":{"@type":"PropertyValueSpecification","valueRequired":true,"valueName":"search_term_string"}}],"inLanguage":"fr-FR"},{"@type":"Organization","@id":"https:\/\/dentoconseil.com\/#organization","name":"Dento Conseil","url":"https:\/\/dentoconseil.com\/","logo":{"@type":"ImageObject","inLanguage":"fr-FR","@id":"https:\/\/dentoconseil.com\/#\/schema\/logo\/image\/","url":"https:\/\/dentoconseil.com\/wp-content\/uploads\/2020\/06\/3.png","contentUrl":"https:\/\/dentoconseil.com\/wp-content\/uploads\/2020\/06\/3.png","width":800,"height":600,"caption":"Dento Conseil"},"image":{"@id":"https:\/\/dentoconseil.com\/#\/schema\/logo\/image\/"}}]}},"_links":{"self":[{"href":"https:\/\/dentoconseil.com\/index.php\/wp-json\/wp\/v2\/pages\/1305","targetHints":{"allow":["GET"]}}],"collection":[{"href":"https:\/\/dentoconseil.com\/index.php\/wp-json\/wp\/v2\/pages"}],"about":[{"href":"https:\/\/dentoconseil.com\/index.php\/wp-json\/wp\/v2\/types\/page"}],"author":[{"embeddable":true,"href":"https:\/\/dentoconseil.com\/index.php\/wp-json\/wp\/v2\/users\/1"}],"replies":[{"embeddable":true,"href":"https:\/\/dentoconseil.com\/index.php\/wp-json\/wp\/v2\/comments?post=1305"}],"version-history":[{"count":14,"href":"https:\/\/dentoconseil.com\/index.php\/wp-json\/wp\/v2\/pages\/1305\/revisions"}],"predecessor-version":[{"id":2191,"href":"https:\/\/dentoconseil.com\/index.php\/wp-json\/wp\/v2\/pages\/1305\/revisions\/2191"}],"wp:attachment":[{"href":"https:\/\/dentoconseil.com\/index.php\/wp-json\/wp\/v2\/media?parent=1305"}],"curies":[{"name":"wp","href":"https:\/\/api.w.org\/{rel}","templated":true}]}}